{"id":681,"date":"2020-06-16T12:36:22","date_gmt":"2020-06-16T10:36:22","guid":{"rendered":"https:\/\/william-destne.cz\/restaurace-kavarna\/"},"modified":"2024-01-17T14:54:14","modified_gmt":"2024-01-17T13:54:14","slug":"restaurace-kavarna","status":"publish","type":"page","link":"https:\/\/william-destne.cz\/en\/restaurace-kavarna\/","title":{"rendered":"RESTAURANT | CAF\u00c9"},"content":{"rendered":"<p><div id=\"o-nas\"><div class=\"fusion-fullwidth fullwidth-box fusion-builder-row-1 nonhundred-percent-fullwidth non-hundred-percent-height-scrolling\" style=\"background-color: rgba(255,255,255,0);background-position: center center;background-repeat: no-repeat;padding-top:0px;padding-right:0px;padding-bottom:60px;padding-left:0px;margin-bottom: 0px;margin-top: 0px;border-width: 0px 0px 0px 0px;border-color:#e2e2e2;border-style:solid;\" ><div class=\"fusion-builder-row fusion-row\"><div class=\"fusion-layout-column fusion_builder_column fusion-builder-column-0 fusion_builder_column_1_6 1_6 fusion-one-sixth fusion-column-first\" style=\"width:16.666666666667%;width:calc(16.666666666667% - ( ( 4% + 4% ) * 0.16666666666667 ) );margin-right: 4%;margin-top:0px;margin-bottom:0px;\"><div class=\"fusion-column-wrapper fusion-flex-column-wrapper-legacy\" style=\"background-position:left top;background-repeat:no-repeat;-webkit-background-size:cover;-moz-background-size:cover;-o-background-size:cover;background-size:cover;padding: 0px 0px 0px 0px;\"><div class=\"fusion-clearfix\"><\/div><\/div><\/div><div class=\"fusion-layout-column fusion_builder_column fusion-builder-column-1 fusion_builder_column_2_3 2_3 fusion-two-third\" style=\"width:66.666666666667%;width:calc(66.666666666667% - ( ( 4% + 4% ) * 0.66666666666667 ) );margin-right: 4%;margin-top:0px;margin-bottom:0px;\"><div class=\"fusion-column-wrapper fusion-flex-column-wrapper-legacy\" style=\"background-position:left top;background-repeat:no-repeat;-webkit-background-size:cover;-moz-background-size:cover;-o-background-size:cover;background-size:cover;padding: 0px 0px 0px 0px;\"><div class=\"fusion-text fusion-text-1 above-title\" style=\"transform:translate3d(0,0,0);\"><p>RESTAURANT | CAF\u00c9 WILLIAM<\/p>\n<\/div><style type=\"text\/css\"><\/style><div class=\"fusion-title title fusion-title-1 fusion-sep-none fusion-title-center fusion-title-text fusion-title-size-two\" style=\"margin-top:0px;margin-bottom:20px;\"><h2 class=\"title-heading-center\" style=\"margin:0;\">A restaurant as a&nbsp;work of art<\/h2><\/div><div class=\"fusion-text fusion-text-2\" style=\"transform:translate3d(0,0,0);\"><p style=\"text-align: center;\">The elegant mountain restaurant WILLIAM Congress&amp;Welness Mountain HOTEL**** has a&nbsp;capacity of 50 seats and a&nbsp;modernly designed space, whose central element, the bar, is newly complemented by a&nbsp;stained glass window with luxury alcoholic beverages. The walls of the restaurant are decorated with large-format paintings depicting belonging to the magnificent surrounding nature of the Orlick\u00e9 Mountains, of which the hotel is a&nbsp;part. The airy space is ingeniously furnished, providing sufficient privacy and dining options for larger groups of people or work teams.<\/p>\n<\/div><div class=\"fusion-clearfix\"><\/div><\/div><\/div><div class=\"fusion-layout-column fusion_builder_column fusion-builder-column-2 fusion_builder_column_1_6 1_6 fusion-one-sixth fusion-column-last\" style=\"width:16.666666666667%;width:calc(16.666666666667% - ( ( 4% + 4% ) * 0.16666666666667 ) );margin-top:0px;margin-bottom:0px;\"><div class=\"fusion-column-wrapper fusion-flex-column-wrapper-legacy\" style=\"background-position:left top;background-repeat:no-repeat;-webkit-background-size:cover;-moz-background-size:cover;-o-background-size:cover;background-size:cover;padding: 0px 0px 0px 0px;\"><div class=\"fusion-clearfix\"><\/div><\/div><\/div><\/div><\/div><\/div><div class=\"fusion-fullwidth fullwidth-box fusion-builder-row-2 nonhundred-percent-fullwidth non-hundred-percent-height-scrolling\" style=\"background-color: rgba(255,255,255,0);background-position: center center;background-repeat: no-repeat;padding-top:0px;padding-right:0px;padding-bottom:80px;padding-left:0px;margin-bottom: 0px;margin-top: 0px;border-width: 0px 0px 0px 0px;border-color:#e2e2e2;border-style:solid;\" ><div class=\"fusion-builder-row fusion-row\"><div class=\"fusion-layout-column fusion_builder_column fusion-builder-column-3 fusion_builder_column_2_3 2_3 fusion-two-third fusion-column-first column-left fusion-animated\" style=\"margin-top:0px;margin-bottom:0px;\" data-animationType=\"fadeInLeft\" data-animationDuration=\"0.8\" data-animationOffset=\"50%\"><div class=\"fusion-column-wrapper fusion-flex-column-wrapper-legacy\" style=\"background-position:left top;background-repeat:no-repeat;-webkit-background-size:cover;-moz-background-size:cover;-o-background-size:cover;background-size:cover;padding: 0px 0px 0px 0px;\"><span class=\" fusion-imageframe imageframe-none imageframe-1 hover-type-none\"><img fetchpriority=\"high\" fetchpriority=\"high\" decoding=\"async\" width=\"1374\" height=\"1080\" src=\"https:\/\/william-destne.cz\/wp-content\/uploads\/2020\/06\/restaurace3.jpg\" data-orig-src=\"https:\/\/william-destne.cz\/wp-content\/uploads\/2020\/06\/restaurace3.jpg\" class=\"lazyload img-responsive wp-image-1932\" srcset=\"data:image\/svg+xml,%3Csvg%20xmlns%3D%27http%3A%2F%2Fwww.w3.org%2F2000%2Fsvg%27%20width%3D%271374%27%20height%3D%271080%27%20viewBox%3D%270%200%201374%201080%27%3E%3Crect%20width%3D%271374%27%20height%3D%2731080%27%20fill-opacity%3D%220%22%2F%3E%3C%2Fsvg%3E\" data-srcset=\"https:\/\/william-destne.cz\/wp-content\/uploads\/2020\/06\/restaurace3-200x157.jpg 200w, https:\/\/william-destne.cz\/wp-content\/uploads\/2020\/06\/restaurace3-400x314.jpg 400w, https:\/\/william-destne.cz\/wp-content\/uploads\/2020\/06\/restaurace3-600x472.jpg 600w, https:\/\/william-destne.cz\/wp-content\/uploads\/2020\/06\/restaurace3-800x629.jpg 800w, https:\/\/william-destne.cz\/wp-content\/uploads\/2020\/06\/restaurace3-1200x943.jpg 1200w, https:\/\/william-destne.cz\/wp-content\/uploads\/2020\/06\/restaurace3.jpg 1374w\" data-sizes=\"auto\" data-orig-sizes=\"(max-width: 900px) 100vw, 1200px\" \/><\/span><div class=\"fusion-clearfix\"><\/div><\/div><\/div><div class=\"fusion-layout-column fusion_builder_column fusion-builder-column-4 fusion_builder_column_1_2 1_2 fusion-one-half fusion-column-first column-right fusion-animated\" style=\"width:50%;width:calc(50% - ( ( 0 ) * 0.5 ) );margin-right: 0px;margin-top:-51%;margin-bottom:0px;\" data-animationType=\"fadeInRight\" data-animationDuration=\"1.0\" data-animationOffset=\"50%\"><div class=\"fusion-column-wrapper fusion-flex-column-wrapper-legacy\" style=\"background-position:left top;background-repeat:no-repeat;-webkit-background-size:cover;-moz-background-size:cover;-o-background-size:cover;background-size:cover;background-color:#0b0909;padding: 80px 50px 80px 50px;\"><div class=\"fusion-column-content-centered\"><div class=\"fusion-column-content\"><div class=\"fusion-text fusion-text-3 above-title\" style=\"transform:translate3d(0,0,0);\"><p>BREAKFAST AND DINNER<\/p>\n<\/div><style type=\"text\/css\"><\/style><div class=\"fusion-title title fusion-title-2 fusion-sep-none fusion-title-center fusion-title-text fusion-title-size-two\" style=\"margin-top:0px;margin-bottom:20px;\"><h2 class=\"title-heading-center\" style=\"margin:0;color:#ffffff;\">in the best company<\/h2><\/div><div class=\"fusion-text fusion-text-4 white\" style=\"transform:translate3d(0,0,0);\"><p>Our staff is guided by the motto that &#8220;nothing is impossible&#8221; and tries to accommodate guests as much as possible. The restaurant also acts as a&nbsp;caterer for events in the region of De\u0161tn\u00e9 in the Orlick\u00e9 Mountains, but also outside it. The restaurant space can also be rented for corporate events. Delicate cuisine, intimate atmosphere and precise service will turn any family celebration or business meeting into an event that all attendees will enjoy.<\/p>\n<\/div><div class=\"fusion-builder-row fusion-builder-row-inner fusion-row\"><\/div><\/div><\/div><div class=\"fusion-clearfix\"><\/div><\/div><\/div><\/div><\/div><div class=\"fusion-fullwidth fullwidth-box fusion-builder-row-3 nonhundred-percent-fullwidth non-hundred-percent-height-scrolling\" style=\"background-color: rgba(255,255,255,0);background-position: center center;background-repeat: no-repeat;padding-top:0px;padding-right:0px;padding-bottom:80px;padding-left:0px;margin-bottom: 0px;margin-top: 0px;border-width: 0px 0px 0px 0px;border-color:#e2e2e2;border-style:solid;\" ><div class=\"fusion-builder-row fusion-row\"><div class=\"fusion-layout-column fusion_builder_column fusion-builder-column-5 fusion_builder_column_1_1 1_1 fusion-one-full fusion-column-first fusion-column-last\" style=\"margin-top:0px;margin-bottom:0px;\"><div class=\"fusion-column-wrapper fusion-flex-column-wrapper-legacy\" style=\"background-position:left top;background-repeat:no-repeat;-webkit-background-size:cover;-moz-background-size:cover;-o-background-size:cover;background-size:cover;padding: 0px 0px 0px 0px;\"><style type=\"text\/css\"><\/style><div class=\"fusion-title title fusion-title-3 fusion-sep-none fusion-title-text fusion-title-size-two\" style=\"margin-top:0px;margin-bottom:20px;\"><h2 class=\"title-heading-left\" style=\"margin:0;\">Virtual tour<\/h2><\/div><iframe width='100%' height='450' allowfullscreen src='https:\/\/tourmkr.com\/F1yIAiOLu3\/11089067p&178.62h&85.34t\/lang:en'><\/iframe><div class=\"fusion-clearfix\"><\/div><\/div><\/div><\/div><\/div><div class=\"fusion-fullwidth fullwidth-box fusion-builder-row-4 nonhundred-percent-fullwidth non-hundred-percent-height-scrolling\" style=\"background-color: rgba(255,255,255,0);background-position: center center;background-repeat: no-repeat;padding-top:0px;padding-right:0px;padding-bottom:20px;padding-left:0px;margin-bottom: 0px;margin-top: 0px;border-width: 0px 0px 0px 0px;border-color:#e2e2e2;border-style:solid;\" ><div class=\"fusion-builder-row fusion-row\"><div class=\"fusion-layout-column fusion_builder_column fusion-builder-column-6 fusion_builder_column_1_1 1_1 fusion-one-full fusion-column-first fusion-column-last\" style=\"margin-top:0px;margin-bottom:0px;\"><div class=\"fusion-column-wrapper fusion-flex-column-wrapper-legacy\" style=\"background-position:left top;background-repeat:no-repeat;-webkit-background-size:cover;-moz-background-size:cover;-o-background-size:cover;background-size:cover;padding: 0px 0px 0px 0px;\"><style type=\"text\/css\"><\/style><div class=\"fusion-title title fusion-title-4 fusion-sep-none fusion-title-text fusion-title-size-two\" style=\"margin-top:0px;margin-bottom:20px;\"><h2 class=\"title-heading-left\" style=\"margin:0;\">Traditional gastronomic quality<\/h2><\/div><div class=\"fusion-text fusion-text-5\" style=\"transform:translate3d(0,0,0);\"><p><strong>The WILLIAM restaurant <\/strong>has been offering its regular and new guests meals of <strong>the highest gastronomic quality<\/strong> for several years. Recipes are based on simple combinations of traditional ingredients from local suppliers and their selection changes depending on the season. Come and convince yourself that Czech cuisine in the top performance of our chefs is equal to the best cuisines from all over the world and you will take away <strong>a unique gastronomic experience<\/strong>.<\/p>\n<p>We are happy to prepare homemade gastronomic tastings in original recipes. In addition, we enrich our honest cuisine with new technological methods of preparation and modern procedures. We do not use any flavourings or semi-finished products, only fresh and seasonal ingredients. Every working day you can choose your own taste from our daily or seasonal offer. We follow the motto that you have to enjoy your meal with us and feel good about it.<\/p>\n<\/div><div class=\"fusion-clearfix\"><\/div><\/div><\/div><div class=\"fusion-layout-column fusion_builder_column fusion-builder-column-7 fusion_builder_column_1_1 1_1 fusion-one-full fusion-column-first fusion-column-last\" style=\"margin-top:0px;margin-bottom:0px;\"><div class=\"fusion-column-wrapper fusion-flex-column-wrapper-legacy\" style=\"background-position:left top;background-repeat:no-repeat;-webkit-background-size:cover;-moz-background-size:cover;-o-background-size:cover;background-size:cover;padding: 0px 0px 0px 0px;\"><style type=\"text\/css\">.fusion-gallery-1 .fusion-gallery-image {border:0px solid #e2e2e2;}<\/style><div class=\"fusion-gallery fusion-gallery-container fusion-grid-3 fusion-columns-total-6 fusion-gallery-layout-grid fusion-gallery-1\" style=\"margin:-1px;\"><div style=\"padding:1.5px;\" class=\"fusion-grid-column fusion-gallery-column fusion-gallery-column-3 hover-type-zoomin\"><div class=\"fusion-gallery-image\"><a href=\"https:\/\/william-destne.cz\/wp-content\/uploads\/2020\/06\/dsc_7430.jpg\" rel=\"noreferrer\" data-rel=\"iLightbox[gallery_image_1]\" class=\"fusion-lightbox\" target=\"_self\"><img decoding=\"async\" src=\"https:\/\/william-destne.cz\/wp-content\/uploads\/2020\/06\/dsc_7430-460x295.jpg\" width=\"460\" height=\"295\" alt=\"\" title=\"\" aria-label=\"\" class=\"img-responsive wp-image-219 fusion-gallery-image-size-fixed\" \/><\/a><\/div><\/div><div style=\"padding:1.5px;\" class=\"fusion-grid-column fusion-gallery-column fusion-gallery-column-3 hover-type-zoomin\"><div class=\"fusion-gallery-image\"><a href=\"https:\/\/william-destne.cz\/wp-content\/uploads\/2020\/06\/dsc_7457.jpg\" rel=\"noreferrer\" data-rel=\"iLightbox[gallery_image_1]\" class=\"fusion-lightbox\" target=\"_self\"><img decoding=\"async\" src=\"https:\/\/william-destne.cz\/wp-content\/uploads\/2020\/06\/dsc_7457-460x295.jpg\" width=\"460\" height=\"295\" alt=\"\" title=\"\" aria-label=\"\" class=\"img-responsive wp-image-220 fusion-gallery-image-size-fixed\" \/><\/a><\/div><\/div><div style=\"padding:1.5px;\" class=\"fusion-grid-column fusion-gallery-column fusion-gallery-column-3 hover-type-zoomin\"><div class=\"fusion-gallery-image\"><a href=\"https:\/\/william-destne.cz\/wp-content\/uploads\/2020\/06\/dsc_7546.jpg\" rel=\"noreferrer\" data-rel=\"iLightbox[gallery_image_1]\" class=\"fusion-lightbox\" target=\"_self\"><img loading=\"lazy\" loading=\"lazy\" decoding=\"async\" src=\"https:\/\/william-destne.cz\/wp-content\/uploads\/2020\/06\/dsc_7546-460x295.jpg\" width=\"460\" height=\"295\" alt=\"\" title=\"\" aria-label=\"\" class=\"img-responsive wp-image-221 fusion-gallery-image-size-fixed\" \/><\/a><\/div><\/div><div class=\"clearfix\"><\/div><div style=\"padding:1.5px;\" class=\"fusion-grid-column fusion-gallery-column fusion-gallery-column-3 hover-type-zoomin\"><div class=\"fusion-gallery-image\"><a href=\"https:\/\/william-destne.cz\/wp-content\/uploads\/2020\/06\/dsc_7856.jpg\" rel=\"noreferrer\" data-rel=\"iLightbox[gallery_image_1]\" class=\"fusion-lightbox\" target=\"_self\"><img loading=\"lazy\" loading=\"lazy\" decoding=\"async\" src=\"https:\/\/william-destne.cz\/wp-content\/uploads\/2020\/06\/dsc_7856-460x295.jpg\" width=\"460\" height=\"295\" alt=\"\" title=\"\" aria-label=\"\" class=\"img-responsive wp-image-222 fusion-gallery-image-size-fixed\" \/><\/a><\/div><\/div><div style=\"padding:1.5px;\" class=\"fusion-grid-column fusion-gallery-column fusion-gallery-column-3 hover-type-zoomin\"><div class=\"fusion-gallery-image\"><a href=\"https:\/\/william-destne.cz\/wp-content\/uploads\/2020\/06\/dsc_7944.jpg\" rel=\"noreferrer\" data-rel=\"iLightbox[gallery_image_1]\" class=\"fusion-lightbox\" target=\"_self\"><img loading=\"lazy\" loading=\"lazy\" decoding=\"async\" src=\"https:\/\/william-destne.cz\/wp-content\/uploads\/2020\/06\/dsc_7944-460x295.jpg\" width=\"460\" height=\"295\" alt=\"\" title=\"\" aria-label=\"\" class=\"img-responsive wp-image-223 fusion-gallery-image-size-fixed\" \/><\/a><\/div><\/div><div style=\"padding:1.5px;\" class=\"fusion-grid-column fusion-gallery-column fusion-gallery-column-3 hover-type-zoomin\"><div class=\"fusion-gallery-image\"><a href=\"https:\/\/william-destne.cz\/wp-content\/uploads\/2020\/06\/dsc_8037.jpg\" rel=\"noreferrer\" data-rel=\"iLightbox[gallery_image_1]\" class=\"fusion-lightbox\" target=\"_self\"><img loading=\"lazy\" loading=\"lazy\" decoding=\"async\" src=\"https:\/\/william-destne.cz\/wp-content\/uploads\/2020\/06\/dsc_8037-460x295.jpg\" width=\"460\" height=\"295\" alt=\"\" title=\"\" aria-label=\"\" class=\"img-responsive wp-image-224 fusion-gallery-image-size-fixed\" \/><\/a><\/div><\/div><div class=\"clearfix\"><\/div><\/div><div class=\"fusion-clearfix\"><\/div><\/div><\/div><\/div><\/div><\/p>\n","protected":false},"excerpt":{"rendered":"","protected":false},"author":4,"featured_media":682,"parent":0,"menu_order":0,"comment_status":"closed","ping_status":"closed","template":"100-width.php","meta":{"footnotes":""},"class_list":["post-681","page","type-page","status-publish","has-post-thumbnail","hentry"],"yoast_head":"<!-- This site is optimized with the Yoast SEO plugin v27.4 - https:\/\/yoast.com\/product\/yoast-seo-wordpress\/ -->\n<title>RESTAURANT | CAF\u00c9 &#8211; William<\/title>\n<meta name=\"robots\" content=\"index, follow, max-snippet:-1, max-image-preview:large, max-video-preview:-1\" \/>\n<link rel=\"canonical\" href=\"https:\/\/william-destne.cz\/en\/restaurace-kavarna\/\" \/>\n<meta property=\"og:locale\" content=\"en_US\" \/>\n<meta property=\"og:type\" content=\"article\" \/>\n<meta property=\"og:title\" content=\"RESTAURANT | CAF\u00c9 &#8211; William\" \/>\n<meta property=\"og:url\" content=\"https:\/\/william-destne.cz\/en\/restaurace-kavarna\/\" \/>\n<meta property=\"og:site_name\" content=\"William\" \/>\n<meta property=\"article:modified_time\" content=\"2024-01-17T13:54:14+00:00\" \/>\n<meta property=\"og:image\" content=\"https:\/\/william-destne.cz\/wp-content\/uploads\/2020\/06\/restaurace.jpg\" \/>\n\t<meta property=\"og:image:width\" content=\"1920\" \/>\n\t<meta property=\"og:image:height\" content=\"1282\" \/>\n\t<meta property=\"og:image:type\" content=\"image\/jpeg\" \/>\n<meta name=\"twitter:card\" content=\"summary_large_image\" \/>\n<meta name=\"twitter:label1\" content=\"Est. reading time\" \/>\n\t<meta name=\"twitter:data1\" content=\"9 minutes\" \/>\n<script type=\"application\/ld+json\" class=\"yoast-schema-graph\">{\"@context\":\"https:\\\/\\\/schema.org\",\"@graph\":[{\"@type\":\"WebPage\",\"@id\":\"https:\\\/\\\/william-destne.cz\\\/en\\\/restaurace-kavarna\\\/\",\"url\":\"https:\\\/\\\/william-destne.cz\\\/en\\\/restaurace-kavarna\\\/\",\"name\":\"RESTAURANT | CAF\u00c9 &#8211; William\",\"isPartOf\":{\"@id\":\"https:\\\/\\\/william-destne.cz\\\/#website\"},\"primaryImageOfPage\":{\"@id\":\"https:\\\/\\\/william-destne.cz\\\/en\\\/restaurace-kavarna\\\/#primaryimage\"},\"image\":{\"@id\":\"https:\\\/\\\/william-destne.cz\\\/en\\\/restaurace-kavarna\\\/#primaryimage\"},\"thumbnailUrl\":\"https:\\\/\\\/william-destne.cz\\\/wp-content\\\/uploads\\\/2020\\\/06\\\/restaurace.jpg\",\"datePublished\":\"2020-06-16T10:36:22+00:00\",\"dateModified\":\"2024-01-17T13:54:14+00:00\",\"inLanguage\":\"en-US\",\"potentialAction\":[{\"@type\":\"ReadAction\",\"target\":[\"https:\\\/\\\/william-destne.cz\\\/en\\\/restaurace-kavarna\\\/\"]}]},{\"@type\":\"ImageObject\",\"inLanguage\":\"en-US\",\"@id\":\"https:\\\/\\\/william-destne.cz\\\/en\\\/restaurace-kavarna\\\/#primaryimage\",\"url\":\"https:\\\/\\\/william-destne.cz\\\/wp-content\\\/uploads\\\/2020\\\/06\\\/restaurace.jpg\",\"contentUrl\":\"https:\\\/\\\/william-destne.cz\\\/wp-content\\\/uploads\\\/2020\\\/06\\\/restaurace.jpg\",\"width\":1920,\"height\":1282},{\"@type\":\"WebSite\",\"@id\":\"https:\\\/\\\/william-destne.cz\\\/#website\",\"url\":\"https:\\\/\\\/william-destne.cz\\\/\",\"name\":\"William\",\"description\":\"Congress &amp; Welness Mountain HOTEL\",\"potentialAction\":[{\"@type\":\"SearchAction\",\"target\":{\"@type\":\"EntryPoint\",\"urlTemplate\":\"https:\\\/\\\/william-destne.cz\\\/?s={search_term_string}\"},\"query-input\":{\"@type\":\"PropertyValueSpecification\",\"valueRequired\":true,\"valueName\":\"search_term_string\"}}],\"inLanguage\":\"en-US\"}]}<\/script>\n<!-- \/ Yoast SEO plugin. -->","yoast_head_json":{"title":"RESTAURANT | CAF\u00c9 &#8211; William","robots":{"index":"index","follow":"follow","max-snippet":"max-snippet:-1","max-image-preview":"max-image-preview:large","max-video-preview":"max-video-preview:-1"},"canonical":"https:\/\/william-destne.cz\/en\/restaurace-kavarna\/","og_locale":"en_US","og_type":"article","og_title":"RESTAURANT | CAF\u00c9 &#8211; William","og_url":"https:\/\/william-destne.cz\/en\/restaurace-kavarna\/","og_site_name":"William","article_modified_time":"2024-01-17T13:54:14+00:00","og_image":[{"width":1920,"height":1282,"url":"https:\/\/william-destne.cz\/wp-content\/uploads\/2020\/06\/restaurace.jpg","type":"image\/jpeg"}],"twitter_card":"summary_large_image","twitter_misc":{"Est. reading time":"9 minutes"},"schema":{"@context":"https:\/\/schema.org","@graph":[{"@type":"WebPage","@id":"https:\/\/william-destne.cz\/en\/restaurace-kavarna\/","url":"https:\/\/william-destne.cz\/en\/restaurace-kavarna\/","name":"RESTAURANT | CAF\u00c9 &#8211; William","isPartOf":{"@id":"https:\/\/william-destne.cz\/#website"},"primaryImageOfPage":{"@id":"https:\/\/william-destne.cz\/en\/restaurace-kavarna\/#primaryimage"},"image":{"@id":"https:\/\/william-destne.cz\/en\/restaurace-kavarna\/#primaryimage"},"thumbnailUrl":"https:\/\/william-destne.cz\/wp-content\/uploads\/2020\/06\/restaurace.jpg","datePublished":"2020-06-16T10:36:22+00:00","dateModified":"2024-01-17T13:54:14+00:00","inLanguage":"en-US","potentialAction":[{"@type":"ReadAction","target":["https:\/\/william-destne.cz\/en\/restaurace-kavarna\/"]}]},{"@type":"ImageObject","inLanguage":"en-US","@id":"https:\/\/william-destne.cz\/en\/restaurace-kavarna\/#primaryimage","url":"https:\/\/william-destne.cz\/wp-content\/uploads\/2020\/06\/restaurace.jpg","contentUrl":"https:\/\/william-destne.cz\/wp-content\/uploads\/2020\/06\/restaurace.jpg","width":1920,"height":1282},{"@type":"WebSite","@id":"https:\/\/william-destne.cz\/#website","url":"https:\/\/william-destne.cz\/","name":"William","description":"Congress &amp; Welness Mountain HOTEL","potentialAction":[{"@type":"SearchAction","target":{"@type":"EntryPoint","urlTemplate":"https:\/\/william-destne.cz\/?s={search_term_string}"},"query-input":{"@type":"PropertyValueSpecification","valueRequired":true,"valueName":"search_term_string"}}],"inLanguage":"en-US"}]}},"_links":{"self":[{"href":"https:\/\/william-destne.cz\/en\/wp-json\/wp\/v2\/pages\/681","targetHints":{"allow":["GET"]}}],"collection":[{"href":"https:\/\/william-destne.cz\/en\/wp-json\/wp\/v2\/pages"}],"about":[{"href":"https:\/\/william-destne.cz\/en\/wp-json\/wp\/v2\/types\/page"}],"author":[{"embeddable":true,"href":"https:\/\/william-destne.cz\/en\/wp-json\/wp\/v2\/users\/4"}],"replies":[{"embeddable":true,"href":"https:\/\/william-destne.cz\/en\/wp-json\/wp\/v2\/comments?post=681"}],"version-history":[{"count":0,"href":"https:\/\/william-destne.cz\/en\/wp-json\/wp\/v2\/pages\/681\/revisions"}],"wp:featuredmedia":[{"embeddable":true,"href":"https:\/\/william-destne.cz\/en\/wp-json\/wp\/v2\/media\/682"}],"wp:attachment":[{"href":"https:\/\/william-destne.cz\/en\/wp-json\/wp\/v2\/media?parent=681"}],"curies":[{"name":"wp","href":"https:\/\/api.w.org\/{rel}","templated":true}]}}