{"id":1254,"date":"2021-05-31T12:21:08","date_gmt":"2021-05-31T10:21:08","guid":{"rendered":"https:\/\/william-destne.cz\/o-hotelu\/"},"modified":"2024-01-24T12:00:19","modified_gmt":"2024-01-24T11:00:19","slug":"o-hotelu","status":"publish","type":"page","link":"https:\/\/william-destne.cz\/pl\/o-hotelu\/","title":{"rendered":"O HOTELU"},"content":{"rendered":"<p><div id=\"o-nas\"><div class=\"fusion-fullwidth fullwidth-box fusion-builder-row-1 nonhundred-percent-fullwidth non-hundred-percent-height-scrolling\" style=\"background-color: rgba(255,255,255,0);background-position: center center;background-repeat: no-repeat;padding-top:0px;padding-right:0px;padding-bottom:60px;padding-left:0px;margin-bottom: 0px;margin-top: 0px;border-width: 0px 0px 0px 0px;border-color:#e2e2e2;border-style:solid;\" ><div class=\"fusion-builder-row fusion-row\"><div class=\"fusion-layout-column fusion_builder_column fusion-builder-column-0 fusion_builder_column_1_6 1_6 fusion-one-sixth fusion-column-first\" style=\"width:16.666666666667%;width:calc(16.666666666667% - ( ( 4% + 4% ) * 0.16666666666667 ) );margin-right: 4%;margin-top:0px;margin-bottom:0px;\"><div class=\"fusion-column-wrapper fusion-flex-column-wrapper-legacy\" style=\"background-position:left top;background-repeat:no-repeat;-webkit-background-size:cover;-moz-background-size:cover;-o-background-size:cover;background-size:cover;padding: 0px 0px 0px 0px;\"><div class=\"fusion-clearfix\"><\/div><\/div><\/div><div class=\"fusion-layout-column fusion_builder_column fusion-builder-column-1 fusion_builder_column_2_3 2_3 fusion-two-third\" style=\"width:66.666666666667%;width:calc(66.666666666667% - ( ( 4% + 4% ) * 0.66666666666667 ) );margin-right: 4%;margin-top:0px;margin-bottom:0px;\"><div class=\"fusion-column-wrapper fusion-flex-column-wrapper-legacy\" style=\"background-position:left top;background-repeat:no-repeat;-webkit-background-size:cover;-moz-background-size:cover;-o-background-size:cover;background-size:cover;padding: 0px 0px 0px 0px;\"><div class=\"fusion-text fusion-text-1\" style=\"transform:translate3d(0,0,0);\"><p style=\"text-align: center;\">Kultowy czterogwiazdkowy hotel\u00a0<strong>WILLIAM Congress &amp; Wellness Mountain HOTEL<\/strong>\u00a0w miejscowo\u015bci De\u0161tn\u00e9, w <strong>sercu G\u00f3r Orlickich<\/strong>, oczaruje Pa\u0144stwa nie tylko swoim designem i&nbsp;niepowtarzaln\u0105 atmosfer\u0105, ale r\u00f3wnie\u017c\u00a0<strong>indywidualnym podej\u015bciem do klienta, nowoczesnym wyposa\u017ceniem i\u00a0wysokim standardem<\/strong>\u00a0\u015bwiadczonych us\u0142ug. Ten elegancki g\u00f3rski hotel oferuje zakwaterowanie dla maksymalnie 28 os\u00f3b, w 2 luksusowych apartamentach oraz 10 nowoczesnych i&nbsp;komfortowych pokojach standardowych.<\/p>\n<\/div><div class=\"fusion-clearfix\"><\/div><\/div><\/div><div class=\"fusion-layout-column fusion_builder_column fusion-builder-column-2 fusion_builder_column_1_6 1_6 fusion-one-sixth fusion-column-last\" style=\"width:16.666666666667%;width:calc(16.666666666667% - ( ( 4% + 4% ) * 0.16666666666667 ) );margin-top:0px;margin-bottom:0px;\"><div class=\"fusion-column-wrapper fusion-flex-column-wrapper-legacy\" style=\"background-position:left top;background-repeat:no-repeat;-webkit-background-size:cover;-moz-background-size:cover;-o-background-size:cover;background-size:cover;padding: 0px 0px 0px 0px;\"><div class=\"fusion-clearfix\"><\/div><\/div><\/div><\/div><\/div><\/div><div class=\"fusion-fullwidth fullwidth-box fusion-builder-row-2 nonhundred-percent-fullwidth non-hundred-percent-height-scrolling\" style=\"background-color: rgba(255,255,255,0);background-position: center center;background-repeat: no-repeat;padding-top:0px;padding-right:0px;padding-bottom:80px;padding-left:0px;margin-bottom: 0px;margin-top: 0px;border-width: 0px 0px 0px 0px;border-color:#e2e2e2;border-style:solid;\" ><div class=\"fusion-builder-row fusion-row\"><div class=\"fusion-layout-column fusion_builder_column fusion-builder-column-3 fusion_builder_column_2_3 2_3 fusion-two-third fusion-column-first column-left fusion-animated\" style=\"margin-top:0px;margin-bottom:0px;\" data-animationType=\"fadeInLeft\" data-animationDuration=\"0.8\" data-animationOffset=\"50%\"><div class=\"fusion-column-wrapper fusion-flex-column-wrapper-legacy\" style=\"background-position:left top;background-repeat:no-repeat;-webkit-background-size:cover;-moz-background-size:cover;-o-background-size:cover;background-size:cover;padding: 0px 0px 0px 0px;\"><span class=\" fusion-imageframe imageframe-none imageframe-1 hover-type-none\"><img fetchpriority=\"high\" fetchpriority=\"high\" decoding=\"async\" width=\"1374\" height=\"1080\" src=\"https:\/\/william-destne.cz\/wp-content\/uploads\/2020\/06\/william.jpg\" data-orig-src=\"https:\/\/william-destne.cz\/wp-content\/uploads\/2020\/06\/william.jpg\" class=\"lazyload img-responsive wp-image-1255\" srcset=\"data:image\/svg+xml,%3Csvg%20xmlns%3D%27http%3A%2F%2Fwww.w3.org%2F2000%2Fsvg%27%20width%3D%271374%27%20height%3D%271080%27%20viewBox%3D%270%200%201374%201080%27%3E%3Crect%20width%3D%271374%27%20height%3D%2731080%27%20fill-opacity%3D%220%22%2F%3E%3C%2Fsvg%3E\" data-srcset=\"https:\/\/william-destne.cz\/wp-content\/uploads\/2020\/06\/william-200x157.jpg 200w, https:\/\/william-destne.cz\/wp-content\/uploads\/2020\/06\/william-400x314.jpg 400w, https:\/\/william-destne.cz\/wp-content\/uploads\/2020\/06\/william-600x472.jpg 600w, https:\/\/william-destne.cz\/wp-content\/uploads\/2020\/06\/william-800x629.jpg 800w, https:\/\/william-destne.cz\/wp-content\/uploads\/2020\/06\/william-1200x943.jpg 1200w, https:\/\/william-destne.cz\/wp-content\/uploads\/2020\/06\/william.jpg 1374w\" data-sizes=\"auto\" data-orig-sizes=\"(max-width: 900px) 100vw, 1200px\" \/><\/span><div class=\"fusion-clearfix\"><\/div><\/div><\/div><div class=\"fusion-layout-column fusion_builder_column fusion-builder-column-4 fusion_builder_column_2_5 2_5 fusion-two-fifth fusion-column-first column-right fusion-animated\" style=\"width:40%;width:calc(40% - ( ( 0 ) * 0.4 ) );margin-right: 0px;margin-top:-47.5%;margin-bottom:0px;\" data-animationType=\"fadeInRight\" data-animationDuration=\"1.0\" data-animationOffset=\"100%\"><div class=\"fusion-column-wrapper fusion-flex-column-wrapper-legacy\" style=\"background-position:left top;background-repeat:no-repeat;-webkit-background-size:cover;-moz-background-size:cover;-o-background-size:cover;background-size:cover;background-color:#0b0909;padding: 80px 50px 80px 50px;\"><div class=\"fusion-column-content-centered\"><div class=\"fusion-column-content\"><div class=\"fusion-text fusion-text-2 above-title\" style=\"transform:translate3d(0,0,0);\"><p>O HOTELU<\/p>\n<\/div><style type=\"text\/css\"><\/style><div class=\"fusion-title title fusion-title-1 fusion-sep-none fusion-title-center fusion-title-text fusion-title-size-two\" style=\"margin-top:0px;margin-bottom:20px;\"><h2 class=\"title-heading-center\" style=\"margin:0;color:#ffffff;\">Idealne miejsce na wypoczynek<\/h2><\/div><div class=\"fusion-text fusion-text-3 white\" style=\"transform:translate3d(0,0,0);\"><p style=\"text-align: center;\">Hotel WILLIAM to w\u0142a\u015bnie ten rodzaj <strong>zakwaterowania w G\u00f3rach Orlickich<\/strong>, kt\u00f3ry jest stworzony dla Pa\u0144stwa \u2013 wszystkich tych, kt\u00f3rzy kochaj\u0105 maksymalny komfort, przytulne pokoje, profesjonalne podej\u015bcie i&nbsp;te najlepsze opcje, kt\u00f3re mo\u017cemy zaoferowa\u0107 po&nbsp;m\u0119cz\u0105cym dniu na nartach lub w\u0119dr\u00f3wkach g\u00f3rskich.<\/p>\n<\/div><div class=\"tlacitka-na-stred\"><div class=\"fusion-button-wrapper\"><style type=\"text\/css\">.fusion-button.button-1 .fusion-button-text, .fusion-button.button-1 i {color:#ffffff;}.fusion-button.button-1 .fusion-button-icon-divider{border-color:#ffffff;}.fusion-button.button-1:hover .fusion-button-text, .fusion-button.button-1:hover i,.fusion-button.button-1:focus .fusion-button-text, .fusion-button.button-1:focus i,.fusion-button.button-1:active .fusion-button-text, .fusion-button.button-1:active{color:#b7a181;}.fusion-button.button-1:hover .fusion-button-icon-divider, .fusion-button.button-1:hover .fusion-button-icon-divider, .fusion-button.button-1:active .fusion-button-icon-divider{border-color:#b7a181;}.fusion-button.button-1:hover, .fusion-button.button-1:focus, .fusion-button.button-1:active{border-color:#ffffff;}.fusion-button.button-1 {border-color:#ffffff;border-radius:0px;}.fusion-button.button-1{background: rgba(255,255,255,0);}.fusion-button.button-1:hover,.button-1:focus,.fusion-button.button-1:active{background: rgba(255,255,255,0);}<\/style><a class=\"fusion-button button-flat fusion-button-default-size button-custom button-1 fusion-button-default-span fusion-button-default-type right-column-button\" target=\"_blank\" rel=\"noopener noreferrer\" download href=\"\/wp-content\/uploads\/2024-CJ-Publikace-hotelu-prezentace-web.pdf\"><span class=\"fusion-button-text\">Pobierz PDF<\/span><\/a><\/div><div class=\"fusion-button-wrapper\"><style type=\"text\/css\">.fusion-button.button-2 .fusion-button-text, .fusion-button.button-2 i {color:#ffffff;}.fusion-button.button-2 .fusion-button-icon-divider{border-color:#ffffff;}.fusion-button.button-2:hover .fusion-button-text, .fusion-button.button-2:hover i,.fusion-button.button-2:focus .fusion-button-text, .fusion-button.button-2:focus i,.fusion-button.button-2:active .fusion-button-text, .fusion-button.button-2:active{color:#b7a181;}.fusion-button.button-2:hover .fusion-button-icon-divider, .fusion-button.button-2:hover .fusion-button-icon-divider, .fusion-button.button-2:active .fusion-button-icon-divider{border-color:#b7a181;}.fusion-button.button-2:hover, .fusion-button.button-2:focus, .fusion-button.button-2:active{border-color:#ffffff;}.fusion-button.button-2 {border-color:#ffffff;border-radius:0px;}.fusion-button.button-2{background: rgba(255,255,255,0);}.fusion-button.button-2:hover,.button-2:focus,.fusion-button.button-2:active{background: rgba(255,255,255,0);}<\/style><a class=\"fusion-button button-flat fusion-button-default-size button-custom button-2 fusion-button-default-span fusion-button-default-type right-column-button\" target=\"_self\" href=\"\/pl\/aktivity\/\"><span class=\"fusion-button-text\">Aktywno\u015bci w okolicy<\/span><\/a><\/div><\/div><\/div><\/div><div class=\"fusion-clearfix\"><\/div><\/div><\/div><\/div><\/div><div class=\"fusion-fullwidth fullwidth-box fusion-builder-row-3 fusion-flex-container nonhundred-percent-fullwidth non-hundred-percent-height-scrolling\" style=\"background-color: rgba(255,255,255,0);background-position: center center;background-repeat: no-repeat;border-width: 0px 0px 0px 0px;border-color:#e2e2e2;border-style:solid;\" ><div class=\"fusion-builder-row fusion-row fusion-flex-align-items-flex-start\" style=\"max-width:1352px;margin-left: calc(-4% \/ 2 );margin-right: calc(-4% \/ 2 );\"><div class=\"fusion-layout-column fusion_builder_column fusion-builder-column-5 fusion_builder_column_1_1 1_1 fusion-flex-column\"><div class=\"fusion-column-wrapper fusion-flex-justify-content-flex-start fusion-content-layout-column\" style=\"background-position:left top;background-repeat:no-repeat;-webkit-background-size:cover;-moz-background-size:cover;-o-background-size:cover;background-size:cover;padding: 0px 0px 0px 0px;\"><div class=\"fusion-text fusion-text-4 above-title\" style=\"transform:translate3d(0,0,0);\"><p>JAK U&nbsp;NAS WYGL\u0104DA<\/p>\n<\/div><style type=\"text\/css\">@media only screen and (max-width:1024px) {.fusion-title.fusion-title-2{margin-top:0px!important;margin-bottom:20px!important;}}<\/style><div class=\"fusion-title title fusion-title-2 fusion-sep-none fusion-title-center fusion-title-text fusion-title-size-two\" style=\"margin-top:0px;margin-bottom:20px;\"><h2 class=\"title-heading-center\" style=\"margin:0;\">Wirtualny spacer<\/h2><\/div><iframe width='100%' height='650' allowfullscreen src='https:\/\/tourmkr.com\/F1yIAiOLu3\/11089152p&12.56h&96.53t\/lang:pl'><\/iframe><\/div><\/div><style type=\"text\/css\">.fusion-body .fusion-builder-column-5{width:100% !important;margin-top : 0px;margin-bottom : 0px;}.fusion-builder-column-5 > .fusion-column-wrapper {padding-top : 0px !important;padding-right : 0px !important;margin-right : 1.92%;padding-bottom : 0px !important;padding-left : 0px !important;margin-left : 1.92%;}@media only screen and (max-width:1024px) {.fusion-body .fusion-builder-column-5{width:100% !important;order : 0;}.fusion-builder-column-5 > .fusion-column-wrapper {margin-right : 1.92%;margin-left : 1.92%;}}@media only screen and (max-width:640px) {.fusion-body .fusion-builder-column-5{width:100% !important;order : 0;}.fusion-builder-column-5 > .fusion-column-wrapper {margin-right : 1.92%;margin-left : 1.92%;}}<\/style><\/div><style type=\"text\/css\">.fusion-body .fusion-flex-container.fusion-builder-row-3{ padding-top : 0px;margin-top : 0px;padding-right : 0px;padding-bottom : 100px;margin-bottom : 0px;padding-left : 0px;}<\/style><\/div><\/p>\n","protected":false},"excerpt":{"rendered":"","protected":false},"author":4,"featured_media":1255,"parent":0,"menu_order":0,"comment_status":"closed","ping_status":"closed","template":"100-width.php","meta":{"footnotes":""},"class_list":["post-1254","page","type-page","status-publish","has-post-thumbnail","hentry"],"yoast_head":"<!-- This site is optimized with the Yoast SEO plugin v27.4 - https:\/\/yoast.com\/product\/yoast-seo-wordpress\/ -->\n<title>O HOTELU &#8211; William<\/title>\n<meta name=\"robots\" content=\"index, follow, max-snippet:-1, max-image-preview:large, max-video-preview:-1\" \/>\n<link rel=\"canonical\" href=\"https:\/\/william-destne.cz\/o-hotelu\/\" \/>\n<meta property=\"og:locale\" content=\"pl_PL\" \/>\n<meta property=\"og:type\" content=\"article\" \/>\n<meta property=\"og:title\" content=\"O HOTELU &#8211; William\" \/>\n<meta property=\"og:url\" content=\"https:\/\/william-destne.cz\/o-hotelu\/\" \/>\n<meta property=\"og:site_name\" content=\"William\" \/>\n<meta property=\"article:modified_time\" content=\"2024-01-24T11:00:19+00:00\" \/>\n<meta property=\"og:image\" content=\"https:\/\/william-destne.cz\/wp-content\/uploads\/2020\/06\/william.jpg\" \/>\n\t<meta property=\"og:image:width\" content=\"1374\" \/>\n\t<meta property=\"og:image:height\" content=\"1080\" \/>\n\t<meta property=\"og:image:type\" content=\"image\/jpeg\" \/>\n<meta name=\"twitter:card\" content=\"summary_large_image\" \/>\n<meta name=\"twitter:label1\" content=\"Szacowany czas czytania\" \/>\n\t<meta name=\"twitter:data1\" content=\"7 minut\" \/>\n<script type=\"application\/ld+json\" class=\"yoast-schema-graph\">{\"@context\":\"https:\\\/\\\/schema.org\",\"@graph\":[{\"@type\":\"WebPage\",\"@id\":\"https:\\\/\\\/william-destne.cz\\\/o-hotelu\\\/\",\"url\":\"https:\\\/\\\/william-destne.cz\\\/o-hotelu\\\/\",\"name\":\"O HOTELU &#8211; William\",\"isPartOf\":{\"@id\":\"https:\\\/\\\/william-destne.cz\\\/#website\"},\"primaryImageOfPage\":{\"@id\":\"https:\\\/\\\/william-destne.cz\\\/o-hotelu\\\/#primaryimage\"},\"image\":{\"@id\":\"https:\\\/\\\/william-destne.cz\\\/o-hotelu\\\/#primaryimage\"},\"thumbnailUrl\":\"https:\\\/\\\/william-destne.cz\\\/wp-content\\\/uploads\\\/2020\\\/06\\\/william.jpg\",\"datePublished\":\"2021-05-31T10:21:08+00:00\",\"dateModified\":\"2024-01-24T11:00:19+00:00\",\"inLanguage\":\"pl-PL\",\"potentialAction\":[{\"@type\":\"ReadAction\",\"target\":[\"https:\\\/\\\/william-destne.cz\\\/o-hotelu\\\/\"]}]},{\"@type\":\"ImageObject\",\"inLanguage\":\"pl-PL\",\"@id\":\"https:\\\/\\\/william-destne.cz\\\/o-hotelu\\\/#primaryimage\",\"url\":\"https:\\\/\\\/william-destne.cz\\\/wp-content\\\/uploads\\\/2020\\\/06\\\/william.jpg\",\"contentUrl\":\"https:\\\/\\\/william-destne.cz\\\/wp-content\\\/uploads\\\/2020\\\/06\\\/william.jpg\",\"width\":1374,\"height\":1080},{\"@type\":\"WebSite\",\"@id\":\"https:\\\/\\\/william-destne.cz\\\/#website\",\"url\":\"https:\\\/\\\/william-destne.cz\\\/\",\"name\":\"William\",\"description\":\"Congress &amp; Welness Mountain HOTEL\",\"potentialAction\":[{\"@type\":\"SearchAction\",\"target\":{\"@type\":\"EntryPoint\",\"urlTemplate\":\"https:\\\/\\\/william-destne.cz\\\/?s={search_term_string}\"},\"query-input\":{\"@type\":\"PropertyValueSpecification\",\"valueRequired\":true,\"valueName\":\"search_term_string\"}}],\"inLanguage\":\"pl-PL\"}]}<\/script>\n<!-- \/ Yoast SEO plugin. -->","yoast_head_json":{"title":"O HOTELU &#8211; William","robots":{"index":"index","follow":"follow","max-snippet":"max-snippet:-1","max-image-preview":"max-image-preview:large","max-video-preview":"max-video-preview:-1"},"canonical":"https:\/\/william-destne.cz\/o-hotelu\/","og_locale":"pl_PL","og_type":"article","og_title":"O HOTELU &#8211; William","og_url":"https:\/\/william-destne.cz\/o-hotelu\/","og_site_name":"William","article_modified_time":"2024-01-24T11:00:19+00:00","og_image":[{"width":1374,"height":1080,"url":"https:\/\/william-destne.cz\/wp-content\/uploads\/2020\/06\/william.jpg","type":"image\/jpeg"}],"twitter_card":"summary_large_image","twitter_misc":{"Szacowany czas czytania":"7 minut"},"schema":{"@context":"https:\/\/schema.org","@graph":[{"@type":"WebPage","@id":"https:\/\/william-destne.cz\/o-hotelu\/","url":"https:\/\/william-destne.cz\/o-hotelu\/","name":"O HOTELU &#8211; William","isPartOf":{"@id":"https:\/\/william-destne.cz\/#website"},"primaryImageOfPage":{"@id":"https:\/\/william-destne.cz\/o-hotelu\/#primaryimage"},"image":{"@id":"https:\/\/william-destne.cz\/o-hotelu\/#primaryimage"},"thumbnailUrl":"https:\/\/william-destne.cz\/wp-content\/uploads\/2020\/06\/william.jpg","datePublished":"2021-05-31T10:21:08+00:00","dateModified":"2024-01-24T11:00:19+00:00","inLanguage":"pl-PL","potentialAction":[{"@type":"ReadAction","target":["https:\/\/william-destne.cz\/o-hotelu\/"]}]},{"@type":"ImageObject","inLanguage":"pl-PL","@id":"https:\/\/william-destne.cz\/o-hotelu\/#primaryimage","url":"https:\/\/william-destne.cz\/wp-content\/uploads\/2020\/06\/william.jpg","contentUrl":"https:\/\/william-destne.cz\/wp-content\/uploads\/2020\/06\/william.jpg","width":1374,"height":1080},{"@type":"WebSite","@id":"https:\/\/william-destne.cz\/#website","url":"https:\/\/william-destne.cz\/","name":"William","description":"Congress &amp; Welness Mountain HOTEL","potentialAction":[{"@type":"SearchAction","target":{"@type":"EntryPoint","urlTemplate":"https:\/\/william-destne.cz\/?s={search_term_string}"},"query-input":{"@type":"PropertyValueSpecification","valueRequired":true,"valueName":"search_term_string"}}],"inLanguage":"pl-PL"}]}},"_links":{"self":[{"href":"https:\/\/william-destne.cz\/pl\/wp-json\/wp\/v2\/pages\/1254","targetHints":{"allow":["GET"]}}],"collection":[{"href":"https:\/\/william-destne.cz\/pl\/wp-json\/wp\/v2\/pages"}],"about":[{"href":"https:\/\/william-destne.cz\/pl\/wp-json\/wp\/v2\/types\/page"}],"author":[{"embeddable":true,"href":"https:\/\/william-destne.cz\/pl\/wp-json\/wp\/v2\/users\/4"}],"replies":[{"embeddable":true,"href":"https:\/\/william-destne.cz\/pl\/wp-json\/wp\/v2\/comments?post=1254"}],"version-history":[{"count":0,"href":"https:\/\/william-destne.cz\/pl\/wp-json\/wp\/v2\/pages\/1254\/revisions"}],"wp:featuredmedia":[{"embeddable":true,"href":"https:\/\/william-destne.cz\/pl\/wp-json\/wp\/v2\/media\/1255"}],"wp:attachment":[{"href":"https:\/\/william-destne.cz\/pl\/wp-json\/wp\/v2\/media?parent=1254"}],"curies":[{"name":"wp","href":"https:\/\/api.w.org\/{rel}","templated":true}]}}