{"id":1277,"date":"2020-06-16T12:36:22","date_gmt":"2020-06-16T10:36:22","guid":{"rendered":"https:\/\/william-destne.cz\/restaurace-kavarna\/"},"modified":"2024-01-17T14:54:24","modified_gmt":"2024-01-17T13:54:24","slug":"restaurace-kavarna","status":"publish","type":"page","link":"https:\/\/william-destne.cz\/pl\/restaurace-kavarna\/","title":{"rendered":"RESTAURACJA | KAWIARNIA"},"content":{"rendered":"<p><div id=\"o-nas\"><div class=\"fusion-fullwidth fullwidth-box fusion-builder-row-1 nonhundred-percent-fullwidth non-hundred-percent-height-scrolling\" style=\"background-color: rgba(255,255,255,0);background-position: center center;background-repeat: no-repeat;padding-top:0px;padding-right:0px;padding-bottom:60px;padding-left:0px;margin-bottom: 0px;margin-top: 0px;border-width: 0px 0px 0px 0px;border-color:#e2e2e2;border-style:solid;\" ><div class=\"fusion-builder-row fusion-row\"><div class=\"fusion-layout-column fusion_builder_column fusion-builder-column-0 fusion_builder_column_1_6 1_6 fusion-one-sixth fusion-column-first\" style=\"width:16.666666666667%;width:calc(16.666666666667% - ( ( 4% + 4% ) * 0.16666666666667 ) );margin-right: 4%;margin-top:0px;margin-bottom:0px;\"><div class=\"fusion-column-wrapper fusion-flex-column-wrapper-legacy\" style=\"background-position:left top;background-repeat:no-repeat;-webkit-background-size:cover;-moz-background-size:cover;-o-background-size:cover;background-size:cover;padding: 0px 0px 0px 0px;\"><div class=\"fusion-clearfix\"><\/div><\/div><\/div><div class=\"fusion-layout-column fusion_builder_column fusion-builder-column-1 fusion_builder_column_2_3 2_3 fusion-two-third\" style=\"width:66.666666666667%;width:calc(66.666666666667% - ( ( 4% + 4% ) * 0.66666666666667 ) );margin-right: 4%;margin-top:0px;margin-bottom:0px;\"><div class=\"fusion-column-wrapper fusion-flex-column-wrapper-legacy\" style=\"background-position:left top;background-repeat:no-repeat;-webkit-background-size:cover;-moz-background-size:cover;-o-background-size:cover;background-size:cover;padding: 0px 0px 0px 0px;\"><div class=\"fusion-text fusion-text-1 above-title\" style=\"transform:translate3d(0,0,0);\"><p>RESTAURACJA | KAWIARNIA WILLIAM<\/p>\n<\/div><style type=\"text\/css\"><\/style><div class=\"fusion-title title fusion-title-1 fusion-sep-none fusion-title-center fusion-title-text fusion-title-size-two\" style=\"margin-top:0px;margin-bottom:20px;\"><h2 class=\"title-heading-center\" style=\"margin:0;\">Restauracja jak dzie\u0142o sztuki<\/h2><\/div><div class=\"fusion-text fusion-text-2\" style=\"transform:translate3d(0,0,0);\"><p style=\"text-align: center;\">W hotelu znajduje si\u0119 elegancka restauracja g\u00f3rska WILLIAM Congress &amp; Wellness Mountain HOTEL**** na 50 miejsc, z&nbsp;nowocze\u015bnie urz\u0105dzon\u0105 przestrzeni\u0105, kt\u00f3rej punkt centralny, bar, zosta\u0142 niedawno uzupe\u0142niony o&nbsp;witryn\u0119 z&nbsp;luksusowymi napojami alkoholowymi. \u015aciany restauracji ozdobiono wielkoformatowymi obrazami przedstawiaj\u0105cymi jej zwi\u0105zek z&nbsp;otaczaj\u0105c\u0105 j\u0105 majestatyczn\u0105 przyrod\u0105 G\u00f3r Orlickich, kt\u00f3rych cz\u0119\u015bci\u0105 hotel niezaprzeczalnie jest.\u00a0 Przestrze\u0144 sali zosta\u0142a zaaran\u017cowana w przemy\u015blany spos\u00f3b, zapewniaj\u0105c wystarczaj\u0105c\u0105 prywatno\u015b\u0107, a&nbsp;r\u00f3wnocze\u015bnie mo\u017cliwo\u015bci sto\u0142owania si\u0119 dla grup os\u00f3b lub zespo\u0142\u00f3w pracownik\u00f3w.<\/p>\n<\/div><div class=\"fusion-clearfix\"><\/div><\/div><\/div><div class=\"fusion-layout-column fusion_builder_column fusion-builder-column-2 fusion_builder_column_1_6 1_6 fusion-one-sixth fusion-column-last\" style=\"width:16.666666666667%;width:calc(16.666666666667% - ( ( 4% + 4% ) * 0.16666666666667 ) );margin-top:0px;margin-bottom:0px;\"><div class=\"fusion-column-wrapper fusion-flex-column-wrapper-legacy\" style=\"background-position:left top;background-repeat:no-repeat;-webkit-background-size:cover;-moz-background-size:cover;-o-background-size:cover;background-size:cover;padding: 0px 0px 0px 0px;\"><div class=\"fusion-clearfix\"><\/div><\/div><\/div><\/div><\/div><\/div><div class=\"fusion-fullwidth fullwidth-box fusion-builder-row-2 nonhundred-percent-fullwidth non-hundred-percent-height-scrolling\" style=\"background-color: rgba(255,255,255,0);background-position: center center;background-repeat: no-repeat;padding-top:0px;padding-right:0px;padding-bottom:80px;padding-left:0px;margin-bottom: 0px;margin-top: 0px;border-width: 0px 0px 0px 0px;border-color:#e2e2e2;border-style:solid;\" ><div class=\"fusion-builder-row fusion-row\"><div class=\"fusion-layout-column fusion_builder_column fusion-builder-column-3 fusion_builder_column_2_3 2_3 fusion-two-third fusion-column-first column-left fusion-animated\" style=\"margin-top:0px;margin-bottom:0px;\" data-animationType=\"fadeInLeft\" data-animationDuration=\"0.8\" data-animationOffset=\"50%\"><div class=\"fusion-column-wrapper fusion-flex-column-wrapper-legacy\" style=\"background-position:left top;background-repeat:no-repeat;-webkit-background-size:cover;-moz-background-size:cover;-o-background-size:cover;background-size:cover;padding: 0px 0px 0px 0px;\"><span class=\" fusion-imageframe imageframe-none imageframe-1 hover-type-none\"><img fetchpriority=\"high\" fetchpriority=\"high\" decoding=\"async\" width=\"1374\" height=\"1080\" src=\"https:\/\/william-destne.cz\/wp-content\/uploads\/2020\/06\/restaurace3.jpg\" data-orig-src=\"https:\/\/william-destne.cz\/wp-content\/uploads\/2020\/06\/restaurace3.jpg\" class=\"lazyload img-responsive wp-image-1933\" srcset=\"data:image\/svg+xml,%3Csvg%20xmlns%3D%27http%3A%2F%2Fwww.w3.org%2F2000%2Fsvg%27%20width%3D%271374%27%20height%3D%271080%27%20viewBox%3D%270%200%201374%201080%27%3E%3Crect%20width%3D%271374%27%20height%3D%2731080%27%20fill-opacity%3D%220%22%2F%3E%3C%2Fsvg%3E\" data-srcset=\"https:\/\/william-destne.cz\/wp-content\/uploads\/2020\/06\/restaurace3-200x157.jpg 200w, https:\/\/william-destne.cz\/wp-content\/uploads\/2020\/06\/restaurace3-400x314.jpg 400w, https:\/\/william-destne.cz\/wp-content\/uploads\/2020\/06\/restaurace3-600x472.jpg 600w, https:\/\/william-destne.cz\/wp-content\/uploads\/2020\/06\/restaurace3-800x629.jpg 800w, https:\/\/william-destne.cz\/wp-content\/uploads\/2020\/06\/restaurace3-1200x943.jpg 1200w, https:\/\/william-destne.cz\/wp-content\/uploads\/2020\/06\/restaurace3.jpg 1374w\" data-sizes=\"auto\" data-orig-sizes=\"(max-width: 900px) 100vw, 1200px\" \/><\/span><div class=\"fusion-clearfix\"><\/div><\/div><\/div><div class=\"fusion-layout-column fusion_builder_column fusion-builder-column-4 fusion_builder_column_1_2 1_2 fusion-one-half fusion-column-first column-right fusion-animated\" style=\"width:50%;width:calc(50% - ( ( 0 ) * 0.5 ) );margin-right: 0px;margin-top:-51%;margin-bottom:0px;\" data-animationType=\"fadeInRight\" data-animationDuration=\"1.0\" data-animationOffset=\"50%\"><div class=\"fusion-column-wrapper fusion-flex-column-wrapper-legacy\" style=\"background-position:left top;background-repeat:no-repeat;-webkit-background-size:cover;-moz-background-size:cover;-o-background-size:cover;background-size:cover;background-color:#0b0909;padding: 80px 50px 80px 50px;\"><div class=\"fusion-column-content-centered\"><div class=\"fusion-column-content\"><div class=\"fusion-text fusion-text-3 above-title\" style=\"transform:translate3d(0,0,0);\"><p>\u015aNIADANIE I&nbsp;KOLACJA<\/p>\n<\/div><style type=\"text\/css\"><\/style><div class=\"fusion-title title fusion-title-2 fusion-sep-none fusion-title-center fusion-title-text fusion-title-size-two\" style=\"margin-top:0px;margin-bottom:20px;\"><h2 class=\"title-heading-center\" style=\"margin:0;color:#ffffff;\">w najlepszym towarzystwie<\/h2><\/div><div class=\"fusion-text fusion-text-4 white\" style=\"transform:translate3d(0,0,0);\"><p>Nasz personel kieruje si\u0119 mottem \u201enie ma rzeczy niemo\u017cliwych\u201d i&nbsp;stara si\u0119 wyj\u015b\u0107 maksymalnie naprzeciw oczekiwaniom go\u015bci. Restauracja funkcjonuje r\u00f3wnie\u017c jako dostawca us\u0142ug cateringowych w regionie De\u0161tn\u00e9 w G\u00f3rach Orlickich, a&nbsp;tak\u017ce poza nim. Restauracj\u0119 mo\u017cna r\u00f3wnie\u017c wynaj\u0105\u0107 na imprezy firmowe. Delikatna kuchnia, atmosfera wzajemnego zaufania i&nbsp;precyzja naszego personelu pozwol\u0105 wyczarowa\u0107 z&nbsp;ka\u017cdej imprezy rodzinnej czy spotkania biznesowego wydarzenie, kt\u00f3re doceni\u0105 wszyscy uczestnicy.<\/p>\n<\/div><div class=\"fusion-builder-row fusion-builder-row-inner fusion-row\"><\/div><\/div><\/div><div class=\"fusion-clearfix\"><\/div><\/div><\/div><\/div><\/div><div class=\"fusion-fullwidth fullwidth-box fusion-builder-row-3 nonhundred-percent-fullwidth non-hundred-percent-height-scrolling\" style=\"background-color: rgba(255,255,255,0);background-position: center center;background-repeat: no-repeat;padding-top:0px;padding-right:0px;padding-bottom:80px;padding-left:0px;margin-bottom: 0px;margin-top: 0px;border-width: 0px 0px 0px 0px;border-color:#e2e2e2;border-style:solid;\" ><div class=\"fusion-builder-row fusion-row\"><div class=\"fusion-layout-column fusion_builder_column fusion-builder-column-5 fusion_builder_column_1_1 1_1 fusion-one-full fusion-column-first fusion-column-last\" style=\"margin-top:0px;margin-bottom:0px;\"><div class=\"fusion-column-wrapper fusion-flex-column-wrapper-legacy\" style=\"background-position:left top;background-repeat:no-repeat;-webkit-background-size:cover;-moz-background-size:cover;-o-background-size:cover;background-size:cover;padding: 0px 0px 0px 0px;\"><style type=\"text\/css\"><\/style><div class=\"fusion-title title fusion-title-3 fusion-sep-none fusion-title-text fusion-title-size-two\" style=\"margin-top:0px;margin-bottom:20px;\"><h2 class=\"title-heading-left\" style=\"margin:0;\">Wirtualny spacer<\/h2><\/div><iframe width='100%' height='450' allowfullscreen src='https:\/\/tourmkr.com\/F1yIAiOLu3\/11089067p&178.62h&85.34t\/lang:pl'><\/iframe><div class=\"fusion-clearfix\"><\/div><\/div><\/div><\/div><\/div><div class=\"fusion-fullwidth fullwidth-box fusion-builder-row-4 nonhundred-percent-fullwidth non-hundred-percent-height-scrolling\" style=\"background-color: rgba(255,255,255,0);background-position: center center;background-repeat: no-repeat;padding-top:0px;padding-right:0px;padding-bottom:20px;padding-left:0px;margin-bottom: 0px;margin-top: 0px;border-width: 0px 0px 0px 0px;border-color:#e2e2e2;border-style:solid;\" ><div class=\"fusion-builder-row fusion-row\"><div class=\"fusion-layout-column fusion_builder_column fusion-builder-column-6 fusion_builder_column_1_1 1_1 fusion-one-full fusion-column-first fusion-column-last\" style=\"margin-top:0px;margin-bottom:0px;\"><div class=\"fusion-column-wrapper fusion-flex-column-wrapper-legacy\" style=\"background-position:left top;background-repeat:no-repeat;-webkit-background-size:cover;-moz-background-size:cover;-o-background-size:cover;background-size:cover;padding: 0px 0px 0px 0px;\"><style type=\"text\/css\"><\/style><div class=\"fusion-title title fusion-title-4 fusion-sep-none fusion-title-text fusion-title-size-two\" style=\"margin-top:0px;margin-bottom:20px;\"><h2 class=\"title-heading-left\" style=\"margin:0;\">Jako\u015b\u0107 tradycyjnej gastronomii<\/h2><\/div><div class=\"fusion-text fusion-text-5\" style=\"transform:translate3d(0,0,0);\"><p><strong>Restauracja WILLIAM<\/strong> oferuje swoim sta\u0142ym bywalcom i&nbsp;nowym go\u015bciom <strong>dania najwy\u017cszej jako\u015bci<\/strong> gastronomii ju\u017c od kilkunastu lat. Receptury opieraj\u0105 si\u0119 na prostych po\u0142\u0105czeniach tradycyjnych surowc\u00f3w od lokalnych dostawc\u00f3w, a&nbsp;wyb\u00f3r da\u0144 zmienia si\u0119 w zale\u017cno\u015bci od sezonu. Zapraszamy, aby mogli si\u0119 Pa\u0144stwo przekona\u0107, \u017ce dania kuchni czeskiej, w\u00a0najwy\u017cszej klasy wydaniu, przygotowywane przez naszych kucharzy dor\u00f3wnuj\u0105 najlepszym kuchniom z\u00a0ca\u0142ego \u015bwiata i&nbsp;s\u0105 <strong>wyj\u0105tkowym prze\u017cyciem gastronomicznym<\/strong>.<\/p>\n<p>Z przyjemno\u015bci\u0105 przygotujemy dla Pa\u0144stwa degustacj\u0119 domowych potraw w ich oryginalnych wydaniach. Tradycyjn\u0105 kuchni\u0119 wzbogacamy ponadto o&nbsp;nowe technologie przygotowywania potraw oraz nowoczesne procedury. Nie u\u017cywamy \u017cadnych wzmacniaczy smaku ani p\u00f3\u0142produkt\u00f3w, tylko \u015bwie\u017cych sk\u0142adnik\u00f3w sezonowych. W ka\u017cdy powszedni dzie\u0144 mo\u017cna wybra\u0107 co\u015b wed\u0142ug w\u0142asnego gustu z&nbsp;naszej oferty dnia lub oferty sezonowej. Kierujemy si\u0119 has\u0142em, \u017ce posi\u0142ek u&nbsp;nas musi by\u0107 prze\u017cyciem i&nbsp;pozostawi\u0107 po&nbsp;sobie dobre wra\u017cenie.<\/p>\n<\/div><div class=\"fusion-clearfix\"><\/div><\/div><\/div><div class=\"fusion-layout-column fusion_builder_column fusion-builder-column-7 fusion_builder_column_1_1 1_1 fusion-one-full fusion-column-first fusion-column-last\" style=\"margin-top:0px;margin-bottom:0px;\"><div class=\"fusion-column-wrapper fusion-flex-column-wrapper-legacy\" style=\"background-position:left top;background-repeat:no-repeat;-webkit-background-size:cover;-moz-background-size:cover;-o-background-size:cover;background-size:cover;padding: 0px 0px 0px 0px;\"><style type=\"text\/css\">.fusion-gallery-1 .fusion-gallery-image {border:0px solid #e2e2e2;}<\/style><div class=\"fusion-gallery fusion-gallery-container fusion-grid-3 fusion-columns-total-6 fusion-gallery-layout-grid fusion-gallery-1\" style=\"margin:-1px;\"><div style=\"padding:1.5px;\" class=\"fusion-grid-column fusion-gallery-column fusion-gallery-column-3 hover-type-zoomin\"><div class=\"fusion-gallery-image\"><a href=\"https:\/\/william-destne.cz\/wp-content\/uploads\/2020\/06\/dsc_7430.jpg\" rel=\"noreferrer\" data-rel=\"iLightbox[gallery_image_1]\" class=\"fusion-lightbox\" target=\"_self\"><img decoding=\"async\" src=\"https:\/\/william-destne.cz\/wp-content\/uploads\/2020\/06\/dsc_7430-460x295.jpg\" width=\"460\" height=\"295\" alt=\"\" title=\"\" aria-label=\"\" class=\"img-responsive wp-image-219 fusion-gallery-image-size-fixed\" \/><\/a><\/div><\/div><div style=\"padding:1.5px;\" class=\"fusion-grid-column fusion-gallery-column fusion-gallery-column-3 hover-type-zoomin\"><div class=\"fusion-gallery-image\"><a href=\"https:\/\/william-destne.cz\/wp-content\/uploads\/2020\/06\/dsc_7457.jpg\" rel=\"noreferrer\" data-rel=\"iLightbox[gallery_image_1]\" class=\"fusion-lightbox\" target=\"_self\"><img decoding=\"async\" src=\"https:\/\/william-destne.cz\/wp-content\/uploads\/2020\/06\/dsc_7457-460x295.jpg\" width=\"460\" height=\"295\" alt=\"\" title=\"\" aria-label=\"\" class=\"img-responsive wp-image-220 fusion-gallery-image-size-fixed\" \/><\/a><\/div><\/div><div style=\"padding:1.5px;\" class=\"fusion-grid-column fusion-gallery-column fusion-gallery-column-3 hover-type-zoomin\"><div class=\"fusion-gallery-image\"><a href=\"https:\/\/william-destne.cz\/wp-content\/uploads\/2020\/06\/dsc_7546.jpg\" rel=\"noreferrer\" data-rel=\"iLightbox[gallery_image_1]\" class=\"fusion-lightbox\" target=\"_self\"><img loading=\"lazy\" loading=\"lazy\" decoding=\"async\" src=\"https:\/\/william-destne.cz\/wp-content\/uploads\/2020\/06\/dsc_7546-460x295.jpg\" width=\"460\" height=\"295\" alt=\"\" title=\"\" aria-label=\"\" class=\"img-responsive wp-image-221 fusion-gallery-image-size-fixed\" \/><\/a><\/div><\/div><div class=\"clearfix\"><\/div><div style=\"padding:1.5px;\" class=\"fusion-grid-column fusion-gallery-column fusion-gallery-column-3 hover-type-zoomin\"><div class=\"fusion-gallery-image\"><a href=\"https:\/\/william-destne.cz\/wp-content\/uploads\/2020\/06\/dsc_7856.jpg\" rel=\"noreferrer\" data-rel=\"iLightbox[gallery_image_1]\" class=\"fusion-lightbox\" target=\"_self\"><img loading=\"lazy\" loading=\"lazy\" decoding=\"async\" src=\"https:\/\/william-destne.cz\/wp-content\/uploads\/2020\/06\/dsc_7856-460x295.jpg\" width=\"460\" height=\"295\" alt=\"\" title=\"\" aria-label=\"\" class=\"img-responsive wp-image-222 fusion-gallery-image-size-fixed\" \/><\/a><\/div><\/div><div style=\"padding:1.5px;\" class=\"fusion-grid-column fusion-gallery-column fusion-gallery-column-3 hover-type-zoomin\"><div class=\"fusion-gallery-image\"><a href=\"https:\/\/william-destne.cz\/wp-content\/uploads\/2020\/06\/dsc_7944.jpg\" rel=\"noreferrer\" data-rel=\"iLightbox[gallery_image_1]\" class=\"fusion-lightbox\" target=\"_self\"><img loading=\"lazy\" loading=\"lazy\" decoding=\"async\" src=\"https:\/\/william-destne.cz\/wp-content\/uploads\/2020\/06\/dsc_7944-460x295.jpg\" width=\"460\" height=\"295\" alt=\"\" title=\"\" aria-label=\"\" class=\"img-responsive wp-image-223 fusion-gallery-image-size-fixed\" \/><\/a><\/div><\/div><div style=\"padding:1.5px;\" class=\"fusion-grid-column fusion-gallery-column fusion-gallery-column-3 hover-type-zoomin\"><div class=\"fusion-gallery-image\"><a href=\"https:\/\/william-destne.cz\/wp-content\/uploads\/2020\/06\/dsc_8037.jpg\" rel=\"noreferrer\" data-rel=\"iLightbox[gallery_image_1]\" class=\"fusion-lightbox\" target=\"_self\"><img loading=\"lazy\" loading=\"lazy\" decoding=\"async\" src=\"https:\/\/william-destne.cz\/wp-content\/uploads\/2020\/06\/dsc_8037-460x295.jpg\" width=\"460\" height=\"295\" alt=\"\" title=\"\" aria-label=\"\" class=\"img-responsive wp-image-224 fusion-gallery-image-size-fixed\" \/><\/a><\/div><\/div><div class=\"clearfix\"><\/div><\/div><div class=\"fusion-clearfix\"><\/div><\/div><\/div><\/div><\/div><\/p>\n","protected":false},"excerpt":{"rendered":"","protected":false},"author":4,"featured_media":1278,"parent":0,"menu_order":0,"comment_status":"closed","ping_status":"closed","template":"100-width.php","meta":{"footnotes":""},"class_list":["post-1277","page","type-page","status-publish","has-post-thumbnail","hentry"],"yoast_head":"<!-- This site is optimized with the Yoast SEO plugin v27.4 - https:\/\/yoast.com\/product\/yoast-seo-wordpress\/ -->\n<title>RESTAURACJA | KAWIARNIA &#8211; William<\/title>\n<meta name=\"robots\" content=\"index, follow, max-snippet:-1, max-image-preview:large, max-video-preview:-1\" \/>\n<link rel=\"canonical\" href=\"https:\/\/william-destne.cz\/restaurace-kavarna\/\" \/>\n<meta property=\"og:locale\" content=\"pl_PL\" \/>\n<meta property=\"og:type\" content=\"article\" \/>\n<meta property=\"og:title\" content=\"RESTAURACJA | KAWIARNIA &#8211; William\" \/>\n<meta property=\"og:url\" content=\"https:\/\/william-destne.cz\/restaurace-kavarna\/\" \/>\n<meta property=\"og:site_name\" content=\"William\" \/>\n<meta property=\"article:modified_time\" content=\"2024-01-17T13:54:24+00:00\" \/>\n<meta property=\"og:image\" content=\"https:\/\/william-destne.cz\/wp-content\/uploads\/2020\/06\/restaurace.jpg\" \/>\n\t<meta property=\"og:image:width\" content=\"1920\" \/>\n\t<meta property=\"og:image:height\" content=\"1282\" \/>\n\t<meta property=\"og:image:type\" content=\"image\/jpeg\" \/>\n<meta name=\"twitter:card\" content=\"summary_large_image\" \/>\n<meta name=\"twitter:label1\" content=\"Szacowany czas czytania\" \/>\n\t<meta name=\"twitter:data1\" content=\"10 minut\" \/>\n<script type=\"application\/ld+json\" class=\"yoast-schema-graph\">{\"@context\":\"https:\\\/\\\/schema.org\",\"@graph\":[{\"@type\":\"WebPage\",\"@id\":\"https:\\\/\\\/william-destne.cz\\\/restaurace-kavarna\\\/\",\"url\":\"https:\\\/\\\/william-destne.cz\\\/restaurace-kavarna\\\/\",\"name\":\"RESTAURACJA | KAWIARNIA &#8211; William\",\"isPartOf\":{\"@id\":\"https:\\\/\\\/william-destne.cz\\\/#website\"},\"primaryImageOfPage\":{\"@id\":\"https:\\\/\\\/william-destne.cz\\\/restaurace-kavarna\\\/#primaryimage\"},\"image\":{\"@id\":\"https:\\\/\\\/william-destne.cz\\\/restaurace-kavarna\\\/#primaryimage\"},\"thumbnailUrl\":\"https:\\\/\\\/william-destne.cz\\\/wp-content\\\/uploads\\\/2020\\\/06\\\/restaurace.jpg\",\"datePublished\":\"2020-06-16T10:36:22+00:00\",\"dateModified\":\"2024-01-17T13:54:24+00:00\",\"inLanguage\":\"pl-PL\",\"potentialAction\":[{\"@type\":\"ReadAction\",\"target\":[\"https:\\\/\\\/william-destne.cz\\\/restaurace-kavarna\\\/\"]}]},{\"@type\":\"ImageObject\",\"inLanguage\":\"pl-PL\",\"@id\":\"https:\\\/\\\/william-destne.cz\\\/restaurace-kavarna\\\/#primaryimage\",\"url\":\"https:\\\/\\\/william-destne.cz\\\/wp-content\\\/uploads\\\/2020\\\/06\\\/restaurace.jpg\",\"contentUrl\":\"https:\\\/\\\/william-destne.cz\\\/wp-content\\\/uploads\\\/2020\\\/06\\\/restaurace.jpg\",\"width\":1920,\"height\":1282},{\"@type\":\"WebSite\",\"@id\":\"https:\\\/\\\/william-destne.cz\\\/#website\",\"url\":\"https:\\\/\\\/william-destne.cz\\\/\",\"name\":\"William\",\"description\":\"Congress &amp; Welness Mountain HOTEL\",\"potentialAction\":[{\"@type\":\"SearchAction\",\"target\":{\"@type\":\"EntryPoint\",\"urlTemplate\":\"https:\\\/\\\/william-destne.cz\\\/?s={search_term_string}\"},\"query-input\":{\"@type\":\"PropertyValueSpecification\",\"valueRequired\":true,\"valueName\":\"search_term_string\"}}],\"inLanguage\":\"pl-PL\"}]}<\/script>\n<!-- \/ Yoast SEO plugin. -->","yoast_head_json":{"title":"RESTAURACJA | KAWIARNIA &#8211; William","robots":{"index":"index","follow":"follow","max-snippet":"max-snippet:-1","max-image-preview":"max-image-preview:large","max-video-preview":"max-video-preview:-1"},"canonical":"https:\/\/william-destne.cz\/restaurace-kavarna\/","og_locale":"pl_PL","og_type":"article","og_title":"RESTAURACJA | KAWIARNIA &#8211; William","og_url":"https:\/\/william-destne.cz\/restaurace-kavarna\/","og_site_name":"William","article_modified_time":"2024-01-17T13:54:24+00:00","og_image":[{"width":1920,"height":1282,"url":"https:\/\/william-destne.cz\/wp-content\/uploads\/2020\/06\/restaurace.jpg","type":"image\/jpeg"}],"twitter_card":"summary_large_image","twitter_misc":{"Szacowany czas czytania":"10 minut"},"schema":{"@context":"https:\/\/schema.org","@graph":[{"@type":"WebPage","@id":"https:\/\/william-destne.cz\/restaurace-kavarna\/","url":"https:\/\/william-destne.cz\/restaurace-kavarna\/","name":"RESTAURACJA | KAWIARNIA &#8211; William","isPartOf":{"@id":"https:\/\/william-destne.cz\/#website"},"primaryImageOfPage":{"@id":"https:\/\/william-destne.cz\/restaurace-kavarna\/#primaryimage"},"image":{"@id":"https:\/\/william-destne.cz\/restaurace-kavarna\/#primaryimage"},"thumbnailUrl":"https:\/\/william-destne.cz\/wp-content\/uploads\/2020\/06\/restaurace.jpg","datePublished":"2020-06-16T10:36:22+00:00","dateModified":"2024-01-17T13:54:24+00:00","inLanguage":"pl-PL","potentialAction":[{"@type":"ReadAction","target":["https:\/\/william-destne.cz\/restaurace-kavarna\/"]}]},{"@type":"ImageObject","inLanguage":"pl-PL","@id":"https:\/\/william-destne.cz\/restaurace-kavarna\/#primaryimage","url":"https:\/\/william-destne.cz\/wp-content\/uploads\/2020\/06\/restaurace.jpg","contentUrl":"https:\/\/william-destne.cz\/wp-content\/uploads\/2020\/06\/restaurace.jpg","width":1920,"height":1282},{"@type":"WebSite","@id":"https:\/\/william-destne.cz\/#website","url":"https:\/\/william-destne.cz\/","name":"William","description":"Congress &amp; Welness Mountain HOTEL","potentialAction":[{"@type":"SearchAction","target":{"@type":"EntryPoint","urlTemplate":"https:\/\/william-destne.cz\/?s={search_term_string}"},"query-input":{"@type":"PropertyValueSpecification","valueRequired":true,"valueName":"search_term_string"}}],"inLanguage":"pl-PL"}]}},"_links":{"self":[{"href":"https:\/\/william-destne.cz\/pl\/wp-json\/wp\/v2\/pages\/1277","targetHints":{"allow":["GET"]}}],"collection":[{"href":"https:\/\/william-destne.cz\/pl\/wp-json\/wp\/v2\/pages"}],"about":[{"href":"https:\/\/william-destne.cz\/pl\/wp-json\/wp\/v2\/types\/page"}],"author":[{"embeddable":true,"href":"https:\/\/william-destne.cz\/pl\/wp-json\/wp\/v2\/users\/4"}],"replies":[{"embeddable":true,"href":"https:\/\/william-destne.cz\/pl\/wp-json\/wp\/v2\/comments?post=1277"}],"version-history":[{"count":0,"href":"https:\/\/william-destne.cz\/pl\/wp-json\/wp\/v2\/pages\/1277\/revisions"}],"wp:featuredmedia":[{"embeddable":true,"href":"https:\/\/william-destne.cz\/pl\/wp-json\/wp\/v2\/media\/1278"}],"wp:attachment":[{"href":"https:\/\/william-destne.cz\/pl\/wp-json\/wp\/v2\/media?parent=1277"}],"curies":[{"name":"wp","href":"https:\/\/api.w.org\/{rel}","templated":true}]}}