{"id":1280,"date":"2020-06-16T12:36:38","date_gmt":"2020-06-16T10:36:38","guid":{"rendered":"https:\/\/william-destne.cz\/wellness-spa\/"},"modified":"2024-01-15T08:52:09","modified_gmt":"2024-01-15T07:52:09","slug":"wellness-spa","status":"publish","type":"page","link":"https:\/\/william-destne.cz\/pl\/wellness-spa\/","title":{"rendered":"WELLNESS &#038; SPA"},"content":{"rendered":"<p><div id=\"o-nas\"><div class=\"fusion-fullwidth fullwidth-box fusion-builder-row-1 nonhundred-percent-fullwidth non-hundred-percent-height-scrolling\" style=\"background-color: rgba(255,255,255,0);background-position: center center;background-repeat: no-repeat;padding-top:0px;padding-right:0px;padding-bottom:60px;padding-left:0px;margin-bottom: 0px;margin-top: 0px;border-width: 0px 0px 0px 0px;border-color:#e2e2e2;border-style:solid;\" ><div class=\"fusion-builder-row fusion-row\"><div class=\"fusion-layout-column fusion_builder_column fusion-builder-column-0 fusion_builder_column_1_6 1_6 fusion-one-sixth fusion-column-first\" style=\"width:16.666666666667%;width:calc(16.666666666667% - ( ( 4% + 4% ) * 0.16666666666667 ) );margin-right: 4%;margin-top:0px;margin-bottom:0px;\"><div class=\"fusion-column-wrapper fusion-flex-column-wrapper-legacy\" style=\"background-position:left top;background-repeat:no-repeat;-webkit-background-size:cover;-moz-background-size:cover;-o-background-size:cover;background-size:cover;padding: 0px 0px 0px 0px;\"><div class=\"fusion-clearfix\"><\/div><\/div><\/div><div class=\"fusion-layout-column fusion_builder_column fusion-builder-column-1 fusion_builder_column_2_3 2_3 fusion-two-third\" style=\"width:66.666666666667%;width:calc(66.666666666667% - ( ( 4% + 4% ) * 0.66666666666667 ) );margin-right: 4%;margin-top:0px;margin-bottom:0px;\"><div class=\"fusion-column-wrapper fusion-flex-column-wrapper-legacy\" style=\"background-position:left top;background-repeat:no-repeat;-webkit-background-size:cover;-moz-background-size:cover;-o-background-size:cover;background-size:cover;padding: 0px 0px 0px 0px;\"><div class=\"fusion-text fusion-text-1 above-title\" style=\"transform:translate3d(0,0,0);\"><p>WELLNESS &amp; SPA<\/p>\n<\/div><style type=\"text\/css\"><\/style><div class=\"fusion-title title fusion-title-1 fusion-sep-none fusion-title-center fusion-title-text fusion-title-size-two\" style=\"margin-top:0px;margin-bottom:20px;\"><h2 class=\"title-heading-center\" style=\"margin:0;\">Doskona\u0142y relaks w wyj\u0105tkowej atmosferze nowoczesnego designu<\/h2><\/div><div class=\"fusion-text fusion-text-2\" style=\"transform:translate3d(0,0,0);\"><p style=\"text-align: center;\">Marz\u0105 Pa\u0144stwo o&nbsp;wypoczynku idealnym? Nowoczesny hotel WILLIAM Congress &amp; Wellness Mountain HOTEL**** umo\u017cliwi Pa\u0144stwu taki wypoczynek w swoim centrum wellness, w kt\u00f3rym b\u0119d\u0105\u00a0 si\u0119 Pa\u0144stwo mogli rozsmakowa\u0107 niezale\u017cnie od pogody i&nbsp;przez ca\u0142y rok. B\u0119d\u0105 Pa\u0144stwo mogli zrelaksowa\u0107 cia\u0142a i&nbsp;dusze w <strong>basenie, jacuzzi, saunie fi\u0144skiej lub strefie relaksu.<\/strong> Centrum wellness jest idealnym miejscem na odpoczynek po&nbsp;ca\u0142ym dniu odkrywania pi\u0119kna G\u00f3r Orlickich i&nbsp;ich okolic. Basen z&nbsp;pewno\u015bci\u0105 zadowoli nawet naszych najmniejszych go\u015bci, kt\u00f3rzy znajd\u0105 w nim wiele ciekawych mo\u017cliwo\u015bci gier wodnych i&nbsp;wszelkiej zabawy. Wra\u017cenia z&nbsp;sauny lub jacuzzi mo\u017cna wzbogaci\u0107 o&nbsp;wyrafinowane smaki naszej kuchni i&nbsp;wspania\u0142e napoje z&nbsp;naszego baru.<\/p>\n<\/div><div class=\"fusion-clearfix\"><\/div><\/div><\/div><div class=\"fusion-layout-column fusion_builder_column fusion-builder-column-2 fusion_builder_column_1_6 1_6 fusion-one-sixth fusion-column-last\" style=\"width:16.666666666667%;width:calc(16.666666666667% - ( ( 4% + 4% ) * 0.16666666666667 ) );margin-top:0px;margin-bottom:0px;\"><div class=\"fusion-column-wrapper fusion-flex-column-wrapper-legacy\" style=\"background-position:left top;background-repeat:no-repeat;-webkit-background-size:cover;-moz-background-size:cover;-o-background-size:cover;background-size:cover;padding: 0px 0px 0px 0px;\"><div class=\"fusion-clearfix\"><\/div><\/div><\/div><\/div><\/div><\/div><div class=\"fusion-fullwidth fullwidth-box fusion-builder-row-2 nonhundred-percent-fullwidth non-hundred-percent-height-scrolling\" style=\"background-color: rgba(255,255,255,0);background-position: center center;background-repeat: no-repeat;padding-top:0px;padding-right:0px;padding-bottom:80px;padding-left:0px;margin-bottom: 0px;margin-top: 0px;border-width: 0px 0px 0px 0px;border-color:#e2e2e2;border-style:solid;\" ><div class=\"fusion-builder-row fusion-row\"><div class=\"fusion-layout-column fusion_builder_column fusion-builder-column-3 fusion_builder_column_2_3 2_3 fusion-two-third fusion-column-first column-left fusion-animated\" style=\"margin-top:0px;margin-bottom:0px;\" data-animationType=\"fadeInLeft\" data-animationDuration=\"0.8\" data-animationOffset=\"50%\"><div class=\"fusion-column-wrapper fusion-flex-column-wrapper-legacy\" style=\"background-position:left top;background-repeat:no-repeat;-webkit-background-size:cover;-moz-background-size:cover;-o-background-size:cover;background-size:cover;padding: 0px 0px 0px 0px;\"><span class=\" fusion-imageframe imageframe-none imageframe-1 hover-type-none\"><img fetchpriority=\"high\" fetchpriority=\"high\" decoding=\"async\" width=\"1374\" height=\"1080\" title=\"spa2\" src=\"https:\/\/william-destne.cz\/wp-content\/uploads\/2020\/06\/spa2.jpg\" data-orig-src=\"https:\/\/william-destne.cz\/wp-content\/uploads\/2020\/06\/spa2.jpg\" class=\"lazyload img-responsive wp-image-1947\" srcset=\"data:image\/svg+xml,%3Csvg%20xmlns%3D%27http%3A%2F%2Fwww.w3.org%2F2000%2Fsvg%27%20width%3D%271374%27%20height%3D%271080%27%20viewBox%3D%270%200%201374%201080%27%3E%3Crect%20width%3D%271374%27%20height%3D%2731080%27%20fill-opacity%3D%220%22%2F%3E%3C%2Fsvg%3E\" data-srcset=\"https:\/\/william-destne.cz\/wp-content\/uploads\/2020\/06\/spa2-200x157.jpg 200w, https:\/\/william-destne.cz\/wp-content\/uploads\/2020\/06\/spa2-400x314.jpg 400w, https:\/\/william-destne.cz\/wp-content\/uploads\/2020\/06\/spa2-600x472.jpg 600w, https:\/\/william-destne.cz\/wp-content\/uploads\/2020\/06\/spa2-800x629.jpg 800w, https:\/\/william-destne.cz\/wp-content\/uploads\/2020\/06\/spa2-1200x943.jpg 1200w, https:\/\/william-destne.cz\/wp-content\/uploads\/2020\/06\/spa2.jpg 1374w\" data-sizes=\"auto\" data-orig-sizes=\"(max-width: 900px) 100vw, 1200px\" \/><\/span><div class=\"fusion-clearfix\"><\/div><\/div><\/div><div class=\"fusion-layout-column fusion_builder_column fusion-builder-column-4 fusion_builder_column_3_5 3_5 fusion-three-fifth fusion-column-first column-right fusion-animated\" style=\"width:60%;width:calc(60% - ( ( 0 ) * 0.6 ) );margin-right: 0px;margin-top:-47.5%;margin-bottom:0px;\" data-animationType=\"fadeInRight\" data-animationDuration=\"1.0\" data-animationOffset=\"100%\"><div class=\"fusion-column-wrapper fusion-flex-column-wrapper-legacy\" style=\"background-position:left top;background-repeat:no-repeat;-webkit-background-size:cover;-moz-background-size:cover;-o-background-size:cover;background-size:cover;background-color:#0b0909;padding: 80px 50px 80px 50px;\"><div class=\"fusion-column-content-centered\"><div class=\"fusion-column-content\"><div class=\"fusion-text fusion-text-3 above-title\" style=\"transform:translate3d(0,0,0);\"><p>ODZYSKAJ<\/p>\n<\/div><style type=\"text\/css\"><\/style><div class=\"fusion-title title fusion-title-2 fusion-sep-none fusion-title-center fusion-title-text fusion-title-size-two\" style=\"margin-top:0px;margin-bottom:20px;\"><h2 class=\"title-heading-center\" style=\"margin:0;color:#ffffff;\">energi\u0119 i&nbsp;witalno\u015b\u0107<\/h2><\/div><div class=\"fusion-text fusion-text-4 white\" style=\"transform:translate3d(0,0,0);\"><p style=\"text-align: center;\">Idealne po\u0142\u0105czenie nieska\u017conej natury, zabawy z&nbsp;przyjaci\u00f3\u0142mi i&nbsp;relaksu w nowoczesnym centrum wellness to najlepszy wyb\u00f3r na pobyt w naszym hotelu. Widok z&nbsp;jacuzzi na okoliczne g\u00f3ry, stok narciarski i&nbsp;pi\u0119kno przyrody to wspania\u0142e do\u015bwiadczenie. Wellness polecamy zar\u00f3wno ludziom m\u0142odym, jak i&nbsp;seniorom. Nasi go\u015bcie darz\u0105 mi\u0142o\u015bci\u0105 od pierwszego wejrzenia s\u0142oneczny taras panoramiczny ze stylowymi le\u017cakami, kt\u00f3ry w letnie dni jest ulubionym miejscem relaksu i&nbsp;odpoczynku. Przez okr\u0105g\u0142y rok nasi go\u015bcie mog\u0105 sobie odpocz\u0105\u0107 w strefie relaksu, kt\u00f3ra ma sw\u00f3j niepowtarzalny urok. Kr\u00f3tko m\u00f3wi\u0105c, je\u015bli marz\u0105 Pa\u0144stwo o&nbsp;regeneracji si\u0142 fizycznych i&nbsp;mentalnych, wellness centrum naszego hotelu jest w\u0142a\u015bnie tym miejscem, kt\u00f3rego Pa\u0144stwo szukacie. Zapraszamy \u2013 przekonajcie si\u0119 Pa\u0144stwo sami.<\/p>\n<\/div><\/div><\/div><div class=\"fusion-clearfix\"><\/div><\/div><\/div><\/div><\/div><div class=\"fusion-fullwidth fullwidth-box fusion-builder-row-3 nonhundred-percent-fullwidth non-hundred-percent-height-scrolling\" style=\"background-color: rgba(255,255,255,0);background-position: center center;background-repeat: no-repeat;padding-top:0px;padding-right:0px;padding-bottom:0px;padding-left:0px;margin-bottom: 0px;margin-top: 0px;border-width: 0px 0px 0px 0px;border-color:#e2e2e2;border-style:solid;\" ><div class=\"fusion-builder-row fusion-row\"><div class=\"fusion-layout-column fusion_builder_column fusion-builder-column-5 fusion_builder_column_1_1 1_1 fusion-one-full fusion-column-first fusion-column-last\" style=\"margin-top:0px;margin-bottom:0px;\"><div class=\"fusion-column-wrapper fusion-flex-column-wrapper-legacy\" style=\"background-position:left top;background-repeat:no-repeat;-webkit-background-size:cover;-moz-background-size:cover;-o-background-size:cover;background-size:cover;padding: 0px 0px 0px 0px;\"><style type=\"text\/css\"><\/style><div class=\"fusion-title title fusion-title-3 fusion-sep-none fusion-title-text fusion-title-size-one\" style=\"margin-top:0px;margin-bottom:20px;\"><h1 class=\"title-heading-left\" style=\"margin:0;\">Wirtualny spacer<\/h1><\/div><iframe width='100%' height='650' allowfullscreen src='https:\/\/tourmkr.com\/F1yIAiOLu3\/11089153p&92.98h&90.50t\/lang:pl'><\/iframe><div class=\"fusion-clearfix\"><\/div><\/div><\/div><\/div><\/div><div class=\"fusion-fullwidth fullwidth-box fusion-builder-row-4 nonhundred-percent-fullwidth non-hundred-percent-height-scrolling\" style=\"background-color: rgba(255,255,255,0);background-position: center center;background-repeat: no-repeat;padding-top:50px;padding-right:0px;padding-bottom:0px;padding-left:0px;margin-bottom: 0px;margin-top: 0px;border-width: 0px 0px 0px 0px;border-color:#e2e2e2;border-style:solid;\" ><div class=\"fusion-builder-row fusion-row\"><div class=\"fusion-layout-column fusion_builder_column fusion-builder-column-6 fusion_builder_column_1_1 1_1 fusion-one-full fusion-column-first fusion-column-last\" style=\"margin-top:0px;margin-bottom:0px;\"><div class=\"fusion-column-wrapper fusion-flex-column-wrapper-legacy\" style=\"background-position:left top;background-repeat:no-repeat;-webkit-background-size:cover;-moz-background-size:cover;-o-background-size:cover;background-size:cover;padding: 0px 0px 0px 0px;\"><style type=\"text\/css\"><\/style><div class=\"fusion-title title fusion-title-4 fusion-sep-none fusion-title-text fusion-title-size-one\" style=\"margin-top:0px;margin-bottom:20px;\"><h1 class=\"title-heading-left\" style=\"margin:0;\">To idealne miejsce by odnale\u017a\u0107 komfort fizyczny i&nbsp;duchowy<\/h1><\/div><div class=\"fusion-text fusion-text-5\" style=\"transform:translate3d(0,0,0);\"><p>Zapraszamy do <strong>oazy spokoju<\/strong> otoczonej G\u00f3rami Orlickimi, by odetchn\u0119li <strong>Pa\u0144stwo \u015bwie\u017cym, wysokog\u00f3rskim powietrzem<\/strong> i&nbsp;mogli poczu\u0107 przyjemno\u015b\u0107 ju\u017c od pierwszej chwili pobytu. Wysoki standard us\u0142ug, luksusowe wyposa\u017cenie, tradycja i&nbsp;doskona\u0142y serwis w po\u0142\u0105czeniu z\u00a0<strong>przytulnym wellness i&nbsp;doznaniami gastronomicznymi<\/strong> tworz\u0105 idealne po\u0142\u0105czenie, aby by\u0142 to <strong>Pa\u0144stwa niezapomniany urlop<\/strong>. Zach\u0119camy by do\u015bwiadczy\u0107 uczucia pe\u0142nego odpr\u0119\u017cenia w\u00a0saunie pochodz\u0105cej z&nbsp;bogatej <strong>tradycji lud\u00f3w p\u00f3\u0142nocy<\/strong>, a&nbsp;w kt\u00f3rej mo\u017cna sp\u0119dzi\u0107 <strong>chwile przyjemnego odpoczynku<\/strong>. W naszej saunie fi\u0144skiej odejd\u0105 wszelkie smutki, Pa\u0144stwa cia\u0142a si\u0119 zregeneruj\u0105 i&nbsp;odnajd\u0105 Pa\u0144stwo chwile przyjemnego relaksu. Temperatura w zale\u017cno\u015bci od miejsca w saunie osi\u0105ga 65-90\u00b0C. Jej zadaniem jest <strong>rozlu\u017anienie mi\u0119\u015bni aparatu ruchu<\/strong>, a&nbsp;nast\u0119pnie uzyskanie pe\u0142nego odpr\u0119\u017cenia cia\u0142a. Wysoka temperatura powietrza zwi\u0119ksza potliwo\u015b\u0107, dzi\u0119ki czemu organizm <strong>pozbywa si\u0119 substancji toksycznych i&nbsp;wzmacnia uk\u0142ad odporno\u015bciowy.<\/strong><\/p>\n<\/div><style type=\"text\/css\">.fusion-gallery-1 .fusion-gallery-image {border:0px solid #e2e2e2;}<\/style><div class=\"fusion-gallery fusion-gallery-container fusion-grid-3 fusion-columns-total-3 fusion-gallery-layout-grid fusion-gallery-1\" style=\"margin:-5px;\"><div style=\"padding:5px;\" class=\"fusion-grid-column fusion-gallery-column fusion-gallery-column-3 hover-type-zoomin\"><div class=\"fusion-gallery-image\"><a href=\"https:\/\/william-destne.cz\/wp-content\/uploads\/2020\/06\/DSC_0065_6_7.jpg\" rel=\"noreferrer\" data-rel=\"iLightbox[gallery_image_1]\" class=\"fusion-lightbox\" target=\"_self\"><img decoding=\"async\" src=\"https:\/\/william-destne.cz\/wp-content\/uploads\/2020\/06\/DSC_0065_6_7-460x295.jpg\" width=\"460\" height=\"295\" alt=\"\" title=\"DSC_0065_6_7\" aria-label=\"DSC_0065_6_7\" class=\"img-responsive wp-image-246 fusion-gallery-image-size-fixed\" \/><\/a><\/div><\/div><div style=\"padding:5px;\" class=\"fusion-grid-column fusion-gallery-column fusion-gallery-column-3 hover-type-zoomin\"><div class=\"fusion-gallery-image\"><a href=\"https:\/\/william-destne.cz\/wp-content\/uploads\/2021\/01\/DSC_0007_8_9.jpg\" rel=\"noreferrer\" data-rel=\"iLightbox[gallery_image_1]\" class=\"fusion-lightbox\" target=\"_self\"><img decoding=\"async\" src=\"https:\/\/william-destne.cz\/wp-content\/uploads\/2021\/01\/DSC_0007_8_9-460x295.jpg\" width=\"460\" height=\"295\" alt=\"\" title=\"DSC_0007_8_9\" aria-label=\"DSC_0007_8_9\" class=\"img-responsive wp-image-490 fusion-gallery-image-size-fixed\" \/><\/a><\/div><\/div><div style=\"padding:5px;\" class=\"fusion-grid-column fusion-gallery-column fusion-gallery-column-3 hover-type-zoomin\"><div class=\"fusion-gallery-image\"><a href=\"https:\/\/william-destne.cz\/wp-content\/uploads\/2021\/01\/DSC_4360_1_2.jpg\" rel=\"noreferrer\" data-rel=\"iLightbox[gallery_image_1]\" class=\"fusion-lightbox\" target=\"_self\"><img loading=\"lazy\" loading=\"lazy\" decoding=\"async\" src=\"https:\/\/william-destne.cz\/wp-content\/uploads\/2021\/01\/DSC_4360_1_2-460x295.jpg\" width=\"460\" height=\"295\" alt=\"\" title=\"DSC_4360_1_2\" aria-label=\"DSC_4360_1_2\" class=\"img-responsive wp-image-491 fusion-gallery-image-size-fixed\" \/><\/a><\/div><\/div><div class=\"clearfix\"><\/div><\/div><div class=\"fusion-clearfix\"><\/div><\/div><\/div><\/div><\/div><\/p>\n","protected":false},"excerpt":{"rendered":"","protected":false},"author":4,"featured_media":1281,"parent":0,"menu_order":0,"comment_status":"closed","ping_status":"closed","template":"","meta":{"footnotes":""},"class_list":["post-1280","page","type-page","status-publish","has-post-thumbnail","hentry"],"yoast_head":"<!-- This site is optimized with the Yoast SEO plugin v27.4 - https:\/\/yoast.com\/product\/yoast-seo-wordpress\/ -->\n<title>WELLNESS &amp; SPA &#8211; William<\/title>\n<meta name=\"robots\" content=\"index, follow, max-snippet:-1, max-image-preview:large, max-video-preview:-1\" \/>\n<link rel=\"canonical\" href=\"https:\/\/william-destne.cz\/wellness-spa\/\" \/>\n<meta property=\"og:locale\" content=\"pl_PL\" \/>\n<meta property=\"og:type\" content=\"article\" \/>\n<meta property=\"og:title\" content=\"WELLNESS &amp; SPA &#8211; William\" \/>\n<meta property=\"og:url\" content=\"https:\/\/william-destne.cz\/wellness-spa\/\" \/>\n<meta property=\"og:site_name\" content=\"William\" \/>\n<meta property=\"article:modified_time\" content=\"2024-01-15T07:52:09+00:00\" \/>\n<meta property=\"og:image\" content=\"https:\/\/william-destne.cz\/wp-content\/uploads\/2020\/06\/spa.jpg\" \/>\n\t<meta property=\"og:image:width\" content=\"1920\" \/>\n\t<meta property=\"og:image:height\" content=\"1135\" \/>\n\t<meta property=\"og:image:type\" content=\"image\/jpeg\" \/>\n<meta name=\"twitter:card\" content=\"summary_large_image\" \/>\n<meta name=\"twitter:label1\" content=\"Szacowany czas czytania\" \/>\n\t<meta name=\"twitter:data1\" content=\"9 minut\" \/>\n<script type=\"application\/ld+json\" class=\"yoast-schema-graph\">{\"@context\":\"https:\\\/\\\/schema.org\",\"@graph\":[{\"@type\":\"WebPage\",\"@id\":\"https:\\\/\\\/william-destne.cz\\\/wellness-spa\\\/\",\"url\":\"https:\\\/\\\/william-destne.cz\\\/wellness-spa\\\/\",\"name\":\"WELLNESS & SPA &#8211; William\",\"isPartOf\":{\"@id\":\"https:\\\/\\\/william-destne.cz\\\/#website\"},\"primaryImageOfPage\":{\"@id\":\"https:\\\/\\\/william-destne.cz\\\/wellness-spa\\\/#primaryimage\"},\"image\":{\"@id\":\"https:\\\/\\\/william-destne.cz\\\/wellness-spa\\\/#primaryimage\"},\"thumbnailUrl\":\"https:\\\/\\\/william-destne.cz\\\/wp-content\\\/uploads\\\/2020\\\/06\\\/spa.jpg\",\"datePublished\":\"2020-06-16T10:36:38+00:00\",\"dateModified\":\"2024-01-15T07:52:09+00:00\",\"inLanguage\":\"pl-PL\",\"potentialAction\":[{\"@type\":\"ReadAction\",\"target\":[\"https:\\\/\\\/william-destne.cz\\\/wellness-spa\\\/\"]}]},{\"@type\":\"ImageObject\",\"inLanguage\":\"pl-PL\",\"@id\":\"https:\\\/\\\/william-destne.cz\\\/wellness-spa\\\/#primaryimage\",\"url\":\"https:\\\/\\\/william-destne.cz\\\/wp-content\\\/uploads\\\/2020\\\/06\\\/spa.jpg\",\"contentUrl\":\"https:\\\/\\\/william-destne.cz\\\/wp-content\\\/uploads\\\/2020\\\/06\\\/spa.jpg\",\"width\":1920,\"height\":1135},{\"@type\":\"WebSite\",\"@id\":\"https:\\\/\\\/william-destne.cz\\\/#website\",\"url\":\"https:\\\/\\\/william-destne.cz\\\/\",\"name\":\"William\",\"description\":\"Congress &amp; Welness Mountain HOTEL\",\"potentialAction\":[{\"@type\":\"SearchAction\",\"target\":{\"@type\":\"EntryPoint\",\"urlTemplate\":\"https:\\\/\\\/william-destne.cz\\\/?s={search_term_string}\"},\"query-input\":{\"@type\":\"PropertyValueSpecification\",\"valueRequired\":true,\"valueName\":\"search_term_string\"}}],\"inLanguage\":\"pl-PL\"}]}<\/script>\n<!-- \/ Yoast SEO plugin. -->","yoast_head_json":{"title":"WELLNESS & SPA &#8211; William","robots":{"index":"index","follow":"follow","max-snippet":"max-snippet:-1","max-image-preview":"max-image-preview:large","max-video-preview":"max-video-preview:-1"},"canonical":"https:\/\/william-destne.cz\/wellness-spa\/","og_locale":"pl_PL","og_type":"article","og_title":"WELLNESS & SPA &#8211; William","og_url":"https:\/\/william-destne.cz\/wellness-spa\/","og_site_name":"William","article_modified_time":"2024-01-15T07:52:09+00:00","og_image":[{"width":1920,"height":1135,"url":"https:\/\/william-destne.cz\/wp-content\/uploads\/2020\/06\/spa.jpg","type":"image\/jpeg"}],"twitter_card":"summary_large_image","twitter_misc":{"Szacowany czas czytania":"9 minut"},"schema":{"@context":"https:\/\/schema.org","@graph":[{"@type":"WebPage","@id":"https:\/\/william-destne.cz\/wellness-spa\/","url":"https:\/\/william-destne.cz\/wellness-spa\/","name":"WELLNESS & SPA &#8211; William","isPartOf":{"@id":"https:\/\/william-destne.cz\/#website"},"primaryImageOfPage":{"@id":"https:\/\/william-destne.cz\/wellness-spa\/#primaryimage"},"image":{"@id":"https:\/\/william-destne.cz\/wellness-spa\/#primaryimage"},"thumbnailUrl":"https:\/\/william-destne.cz\/wp-content\/uploads\/2020\/06\/spa.jpg","datePublished":"2020-06-16T10:36:38+00:00","dateModified":"2024-01-15T07:52:09+00:00","inLanguage":"pl-PL","potentialAction":[{"@type":"ReadAction","target":["https:\/\/william-destne.cz\/wellness-spa\/"]}]},{"@type":"ImageObject","inLanguage":"pl-PL","@id":"https:\/\/william-destne.cz\/wellness-spa\/#primaryimage","url":"https:\/\/william-destne.cz\/wp-content\/uploads\/2020\/06\/spa.jpg","contentUrl":"https:\/\/william-destne.cz\/wp-content\/uploads\/2020\/06\/spa.jpg","width":1920,"height":1135},{"@type":"WebSite","@id":"https:\/\/william-destne.cz\/#website","url":"https:\/\/william-destne.cz\/","name":"William","description":"Congress &amp; Welness Mountain HOTEL","potentialAction":[{"@type":"SearchAction","target":{"@type":"EntryPoint","urlTemplate":"https:\/\/william-destne.cz\/?s={search_term_string}"},"query-input":{"@type":"PropertyValueSpecification","valueRequired":true,"valueName":"search_term_string"}}],"inLanguage":"pl-PL"}]}},"_links":{"self":[{"href":"https:\/\/william-destne.cz\/pl\/wp-json\/wp\/v2\/pages\/1280","targetHints":{"allow":["GET"]}}],"collection":[{"href":"https:\/\/william-destne.cz\/pl\/wp-json\/wp\/v2\/pages"}],"about":[{"href":"https:\/\/william-destne.cz\/pl\/wp-json\/wp\/v2\/types\/page"}],"author":[{"embeddable":true,"href":"https:\/\/william-destne.cz\/pl\/wp-json\/wp\/v2\/users\/4"}],"replies":[{"embeddable":true,"href":"https:\/\/william-destne.cz\/pl\/wp-json\/wp\/v2\/comments?post=1280"}],"version-history":[{"count":0,"href":"https:\/\/william-destne.cz\/pl\/wp-json\/wp\/v2\/pages\/1280\/revisions"}],"wp:featuredmedia":[{"embeddable":true,"href":"https:\/\/william-destne.cz\/pl\/wp-json\/wp\/v2\/media\/1281"}],"wp:attachment":[{"href":"https:\/\/william-destne.cz\/pl\/wp-json\/wp\/v2\/media?parent=1280"}],"curies":[{"name":"wp","href":"https:\/\/api.w.org\/{rel}","templated":true}]}}