{"id":1283,"date":"2020-06-16T12:36:55","date_gmt":"2020-06-16T10:36:55","guid":{"rendered":"https:\/\/william-destne.cz\/conference-events\/"},"modified":"2024-01-24T12:02:39","modified_gmt":"2024-01-24T11:02:39","slug":"conference-events","status":"publish","type":"page","link":"https:\/\/william-destne.cz\/pl\/conference-events\/","title":{"rendered":"IMPREZY FIRMOWE"},"content":{"rendered":"<p><div class=\"fusion-fullwidth fullwidth-box fusion-builder-row-1 nonhundred-percent-fullwidth non-hundred-percent-height-scrolling\" style=\"background-color: #f2f2f2;background-position: center center;background-repeat: no-repeat;padding-top:70px;padding-right:0px;padding-bottom:75px;padding-left:0px;margin-bottom: 0px;margin-top: 0px;border-width: 0px 0px 0px 0px;border-color:#e2e2e2;border-style:solid;\" ><div class=\"fusion-builder-row fusion-row\"><div class=\"fusion-layout-column fusion_builder_column fusion-builder-column-0 fusion_builder_column_3_4 3_4 fusion-three-fourth fusion-column-first\" style=\"width:74%; margin-right: 4%;margin-top:0px;margin-bottom:0px;\"><div class=\"fusion-column-wrapper fusion-flex-column-wrapper-legacy\" style=\"background-position:left top;background-repeat:no-repeat;-webkit-background-size:cover;-moz-background-size:cover;-o-background-size:cover;background-size:cover;padding: 0px 0px 0px 0px;\"><style type=\"text\/css\"><\/style><div class=\"fusion-title title fusion-title-1 fusion-sep-none fusion-title-text fusion-title-size-two\" style=\"margin-top:0px;margin-bottom:20px;\"><h2 class=\"title-heading-left\" style=\"margin:0;\">Wyposa\u017cenie na imprezy firmowe<\/h2><\/div><div class=\"fusion-text fusion-text-1\" style=\"transform:translate3d(0,0,0);\"><p>Na Pa\u0144stwa imprezy firmowe oddajemy do dyspozycji nasz\u0105 eleganck\u0105, w pe\u0142ni klimatyzowan\u0105 restauracj\u0119 na 50 miejsc.<\/p>\n<\/div><div class=\"fusion-clearfix\"><\/div><\/div><\/div><div class=\"fusion-layout-column fusion_builder_column fusion-builder-column-1 fusion_builder_column_1_3 1_3 fusion-one-third fusion-column-first\" style=\"width:33.333333333333%;width:calc(33.333333333333% - ( ( 4% + 4% ) * 0.33333333333333 ) );margin-right: 4%;margin-top:0px;margin-bottom:0px;\"><div class=\"fusion-column-wrapper fusion-flex-column-wrapper-legacy\" style=\"background-position:left top;background-repeat:no-repeat;-webkit-background-size:cover;-moz-background-size:cover;-o-background-size:cover;background-size:cover;padding: 0px 0px 0px 0px;\"><ul class=\"fusion-checklist fusion-checklist-1\" style=\"font-size:18px;line-height:30.6px;\"><li class=\"fusion-li-item\"><span style=\"height:30.6px;width:30.6px;margin-right:12.6px;\" class=\"icon-wrapper circle-no\"><i class=\"fusion-li-icon fa-border-all fas\" style=\"color:#b7a181;\" aria-hidden=\"true\"><\/i><\/span><div class=\"fusion-li-item-content\" style=\"margin-left:43.2px;\">\n<p>przeno\u015bna tablica typu flipchart<\/p>\n<\/div><\/li><li class=\"fusion-li-item\"><span style=\"height:30.6px;width:30.6px;margin-right:12.6px;\" class=\"icon-wrapper circle-no\"><i class=\"fusion-li-icon fa-wifi fas\" style=\"color:#b7a181;\" aria-hidden=\"true\"><\/i><\/span><div class=\"fusion-li-item-content\" style=\"margin-left:43.2px;\">\n<p>darmowe Wi-Fi<\/p>\n<\/div><\/li><li class=\"fusion-li-item\"><span style=\"height:30.6px;width:30.6px;margin-right:12.6px;\" class=\"icon-wrapper circle-no\"><i class=\"fusion-li-icon fa-volume-up fas\" style=\"color:#b7a181;\" aria-hidden=\"true\"><\/i><\/span><div class=\"fusion-li-item-content\" style=\"margin-left:43.2px;\">\n<p>sprz\u0119t muzyczny<\/p>\n<\/div><\/li><\/ul><div class=\"fusion-clearfix\"><\/div><\/div><\/div><div class=\"fusion-layout-column fusion_builder_column fusion-builder-column-2 fusion_builder_column_1_3 1_3 fusion-one-third\" style=\"width:33.333333333333%;width:calc(33.333333333333% - ( ( 4% + 4% ) * 0.33333333333333 ) );margin-right: 4%;margin-top:0px;margin-bottom:0px;\"><div class=\"fusion-column-wrapper fusion-flex-column-wrapper-legacy\" style=\"background-position:left top;background-repeat:no-repeat;-webkit-background-size:cover;-moz-background-size:cover;-o-background-size:cover;background-size:cover;padding: 0px 0px 0px 0px;\"><ul class=\"fusion-checklist fusion-checklist-2\" style=\"font-size:18px;line-height:30.6px;\"><li class=\"fusion-li-item\"><span style=\"height:30.6px;width:30.6px;margin-right:12.6px;\" class=\"icon-wrapper circle-no\"><i class=\"fusion-li-icon fa-digital-tachograph fas\" style=\"color:#b7a181;\" aria-hidden=\"true\"><\/i><\/span><div class=\"fusion-li-item-content\" style=\"margin-left:43.2px;\">\n<p>projektor<\/p>\n<\/div><\/li><li class=\"fusion-li-item\"><span style=\"height:30.6px;width:30.6px;margin-right:12.6px;\" class=\"icon-wrapper circle-no\"><i class=\"fusion-li-icon fa-paste fas\" style=\"color:#b7a181;\" aria-hidden=\"true\"><\/i><\/span><div class=\"fusion-li-item-content\" style=\"margin-left:43.2px;\">\n<p>artyku\u0142y biurowe<\/p>\n<\/div><\/li><li class=\"fusion-li-item\"><span style=\"height:30.6px;width:30.6px;margin-right:12.6px;\" class=\"icon-wrapper circle-no\"><i class=\"fusion-li-icon fa-sliders-h fas\" style=\"color:#b7a181;\" aria-hidden=\"true\"><\/i><\/span><div class=\"fusion-li-item-content\" style=\"margin-left:43.2px;\">\n<p>sprz\u0119t audiowizualny<\/p>\n<\/div><\/li><\/ul><div class=\"fusion-clearfix\"><\/div><\/div><\/div><div class=\"fusion-layout-column fusion_builder_column fusion-builder-column-3 fusion_builder_column_1_3 1_3 fusion-one-third fusion-column-last\" style=\"width:33.333333333333%;width:calc(33.333333333333% - ( ( 4% + 4% ) * 0.33333333333333 ) );margin-top:0px;margin-bottom:0px;\"><div class=\"fusion-column-wrapper fusion-flex-column-wrapper-legacy\" style=\"background-position:left top;background-repeat:no-repeat;-webkit-background-size:cover;-moz-background-size:cover;-o-background-size:cover;background-size:cover;padding: 0px 0px 0px 0px;\"><ul class=\"fusion-checklist fusion-checklist-3\" style=\"font-size:18px;line-height:30.6px;\"><li class=\"fusion-li-item\"><span style=\"height:30.6px;width:30.6px;margin-right:12.6px;\" class=\"icon-wrapper circle-no\"><i class=\"fusion-li-icon fa-temperature-high fas\" style=\"color:#b7a181;\" aria-hidden=\"true\"><\/i><\/span><div class=\"fusion-li-item-content\" style=\"margin-left:43.2px;\">\n<p>w pe\u0142ni klimatyzowane pomieszczenia<\/p>\n<\/div><\/li><li class=\"fusion-li-item\"><span style=\"height:30.6px;width:30.6px;margin-right:12.6px;\" class=\"icon-wrapper circle-no\"><i class=\"fusion-li-icon fa-utensils fas\" style=\"color:#b7a181;\" aria-hidden=\"true\"><\/i><\/span><div class=\"fusion-li-item-content\" style=\"margin-left:43.2px;\">\n<p>kuchnia<\/p>\n<\/div><\/li><li class=\"fusion-li-item\"><span style=\"height:30.6px;width:30.6px;margin-right:12.6px;\" class=\"icon-wrapper circle-no\"><i class=\"fusion-li-icon fa-microphone fas\" style=\"color:#b7a181;\" aria-hidden=\"true\"><\/i><\/span><div class=\"fusion-li-item-content\" style=\"margin-left:43.2px;\">\n<p>zestawy mikrofonowe<\/p>\n<\/div><\/li><\/ul><div class=\"fusion-clearfix\"><\/div><\/div><\/div><\/div><\/div><div class=\"fusion-fullwidth fullwidth-box fusion-builder-row-2 nonhundred-percent-fullwidth non-hundred-percent-height-scrolling\" style=\"background-color: rgba(255,255,255,0);background-position: center center;background-repeat: no-repeat;padding-top:80px;padding-right:0px;padding-bottom:0px;padding-left:0px;margin-bottom: 0px;margin-top: 0px;border-width: 0px 0px 0px 0px;border-color:#e2e2e2;border-style:solid;\" ><div class=\"fusion-builder-row fusion-row\"><div class=\"fusion-layout-column fusion_builder_column fusion-builder-column-4 fusion_builder_column_2_3 2_3 fusion-two-third fusion-column-first column-left fusion-animated\" style=\"margin-top:0px;margin-bottom:0px;\" data-animationType=\"fadeInLeft\" data-animationDuration=\"0.8\" data-animationOffset=\"50%\"><div class=\"fusion-column-wrapper fusion-flex-column-wrapper-legacy\" style=\"background-position:left top;background-repeat:no-repeat;-webkit-background-size:cover;-moz-background-size:cover;-o-background-size:cover;background-size:cover;padding: 0px 0px 0px 0px;\"><span class=\" fusion-imageframe imageframe-none imageframe-1 hover-type-none\"><img fetchpriority=\"high\" fetchpriority=\"high\" decoding=\"async\" width=\"2400\" height=\"1885\" src=\"https:\/\/william-destne.cz\/wp-content\/uploads\/2020\/07\/OH1E090.jpg\" data-orig-src=\"https:\/\/william-destne.cz\/wp-content\/uploads\/2020\/07\/OH1E090.jpg\" class=\"lazyload img-responsive wp-image-2023\" srcset=\"data:image\/svg+xml,%3Csvg%20xmlns%3D%27http%3A%2F%2Fwww.w3.org%2F2000%2Fsvg%27%20width%3D%272400%27%20height%3D%271885%27%20viewBox%3D%270%200%202400%201885%27%3E%3Crect%20width%3D%272400%27%20height%3D%2731885%27%20fill-opacity%3D%220%22%2F%3E%3C%2Fsvg%3E\" data-srcset=\"https:\/\/william-destne.cz\/wp-content\/uploads\/2020\/07\/OH1E090-200x157.jpg 200w, https:\/\/william-destne.cz\/wp-content\/uploads\/2020\/07\/OH1E090-400x314.jpg 400w, https:\/\/william-destne.cz\/wp-content\/uploads\/2020\/07\/OH1E090-600x471.jpg 600w, https:\/\/william-destne.cz\/wp-content\/uploads\/2020\/07\/OH1E090-800x628.jpg 800w, https:\/\/william-destne.cz\/wp-content\/uploads\/2020\/07\/OH1E090-1200x943.jpg 1200w, https:\/\/william-destne.cz\/wp-content\/uploads\/2020\/07\/OH1E090.jpg 2400w\" data-sizes=\"auto\" data-orig-sizes=\"(max-width: 900px) 100vw, 1200px\" \/><\/span><div class=\"fusion-clearfix\"><\/div><\/div><\/div><div class=\"fusion-layout-column fusion_builder_column fusion-builder-column-5 fusion_builder_column_2_5 2_5 fusion-two-fifth fusion-column-first column-right fusion-animated\" style=\"width:40%;width:calc(40% - ( ( 0 ) * 0.4 ) );margin-right: 0px;margin-top:-47.5%;margin-bottom:0px;\" data-animationType=\"fadeInRight\" data-animationDuration=\"1.0\" data-animationOffset=\"50%\"><div class=\"fusion-column-wrapper fusion-flex-column-wrapper-legacy\" style=\"background-position:left top;background-repeat:no-repeat;-webkit-background-size:cover;-moz-background-size:cover;-o-background-size:cover;background-size:cover;background-color:#0b0909;padding: 80px 50px 80px 50px;\"><div class=\"fusion-column-content-centered\"><div class=\"fusion-column-content\"><style type=\"text\/css\"><\/style><div class=\"fusion-title title fusion-title-2 fusion-sep-none fusion-title-center fusion-title-text fusion-title-size-two\" style=\"margin-top:0px;margin-bottom:20px;\"><h2 class=\"title-heading-center\" style=\"margin:0;color:#ffffff;\">Pa\u0144stwa imprezy firmowe w William Congress &amp; Wellness Mountain Hotel ****<\/h2><\/div><div class=\"fusion-text fusion-text-2 center-text white\" style=\"transform:translate3d(0,0,0);\"><p>Czekamy a\u017c przedstawi\u0105 nam Pa\u0144stwo swoje wymagania co do imprezy firmowej, a&nbsp;my z\u00a0rado\u015bci\u0105 przygotujemy dla Pa\u0144stwa odpowiedni\u0105 ofert\u0119.<\/p>\n<\/div><div class=\"fusion-aligncenter\"><style type=\"text\/css\">.fusion-button.button-1 .fusion-button-text, .fusion-button.button-1 i {color:#ffffff;}.fusion-button.button-1 .fusion-button-icon-divider{border-color:#ffffff;}.fusion-button.button-1:hover .fusion-button-text, .fusion-button.button-1:hover i,.fusion-button.button-1:focus .fusion-button-text, .fusion-button.button-1:focus i,.fusion-button.button-1:active .fusion-button-text, .fusion-button.button-1:active{color:#b7a181;}.fusion-button.button-1:hover .fusion-button-icon-divider, .fusion-button.button-1:hover .fusion-button-icon-divider, .fusion-button.button-1:active .fusion-button-icon-divider{border-color:#b7a181;}.fusion-button.button-1:hover, .fusion-button.button-1:focus, .fusion-button.button-1:active{border-color:#ffffff;}.fusion-button.button-1 {border-color:#ffffff;border-radius:0px;}.fusion-button.button-1{background: rgba(255,255,255,0);}.fusion-button.button-1:hover,.button-1:focus,.fusion-button.button-1:active{background: rgba(255,255,255,0);}<\/style><a class=\"fusion-button button-flat fusion-button-default-size button-custom button-1 fusion-button-default-span fusion-button-default-type right-column-button\" target=\"_blank\" rel=\"noopener noreferrer\" download href=\"\/wp-content\/uploads\/2024-CJ-Publikace-hotelu-prezentace-web.pdf\"><span class=\"fusion-button-text\">Pobra\u0107 w formacie PDF<\/span><\/a><\/div><\/div><\/div><div class=\"fusion-clearfix\"><\/div><\/div><\/div><\/div><\/div><\/p>\n","protected":false},"excerpt":{"rendered":"","protected":false},"author":4,"featured_media":1811,"parent":0,"menu_order":0,"comment_status":"closed","ping_status":"closed","template":"100-width.php","meta":{"footnotes":""},"class_list":["post-1283","page","type-page","status-publish","has-post-thumbnail","hentry"],"yoast_head":"<!-- This site is optimized with the Yoast SEO plugin v27.4 - https:\/\/yoast.com\/product\/yoast-seo-wordpress\/ -->\n<title>IMPREZY FIRMOWE &#8211; William<\/title>\n<meta name=\"robots\" content=\"index, follow, max-snippet:-1, max-image-preview:large, max-video-preview:-1\" \/>\n<link rel=\"canonical\" href=\"https:\/\/william-destne.cz\/conference-events\/\" \/>\n<meta property=\"og:locale\" content=\"pl_PL\" \/>\n<meta property=\"og:type\" content=\"article\" \/>\n<meta property=\"og:title\" content=\"IMPREZY FIRMOWE &#8211; William\" \/>\n<meta property=\"og:url\" content=\"https:\/\/william-destne.cz\/conference-events\/\" \/>\n<meta property=\"og:site_name\" content=\"William\" \/>\n<meta property=\"article:modified_time\" content=\"2024-01-24T11:02:39+00:00\" \/>\n<meta property=\"og:image\" content=\"https:\/\/william-destne.cz\/wp-content\/uploads\/2024\/01\/OH1E090-1200x943-1.jpg\" \/>\n\t<meta property=\"og:image:width\" content=\"1200\" \/>\n\t<meta property=\"og:image:height\" content=\"943\" \/>\n\t<meta property=\"og:image:type\" content=\"image\/jpeg\" \/>\n<meta name=\"twitter:card\" content=\"summary_large_image\" \/>\n<meta name=\"twitter:label1\" content=\"Szacowany czas czytania\" \/>\n\t<meta name=\"twitter:data1\" content=\"6 minut\" \/>\n<script type=\"application\/ld+json\" class=\"yoast-schema-graph\">{\"@context\":\"https:\\\/\\\/schema.org\",\"@graph\":[{\"@type\":\"WebPage\",\"@id\":\"https:\\\/\\\/william-destne.cz\\\/conference-events\\\/\",\"url\":\"https:\\\/\\\/william-destne.cz\\\/conference-events\\\/\",\"name\":\"IMPREZY FIRMOWE &#8211; William\",\"isPartOf\":{\"@id\":\"https:\\\/\\\/william-destne.cz\\\/#website\"},\"primaryImageOfPage\":{\"@id\":\"https:\\\/\\\/william-destne.cz\\\/conference-events\\\/#primaryimage\"},\"image\":{\"@id\":\"https:\\\/\\\/william-destne.cz\\\/conference-events\\\/#primaryimage\"},\"thumbnailUrl\":\"https:\\\/\\\/william-destne.cz\\\/wp-content\\\/uploads\\\/2024\\\/01\\\/OH1E090-1200x943-1.jpg\",\"datePublished\":\"2020-06-16T10:36:55+00:00\",\"dateModified\":\"2024-01-24T11:02:39+00:00\",\"inLanguage\":\"pl-PL\",\"potentialAction\":[{\"@type\":\"ReadAction\",\"target\":[\"https:\\\/\\\/william-destne.cz\\\/conference-events\\\/\"]}]},{\"@type\":\"ImageObject\",\"inLanguage\":\"pl-PL\",\"@id\":\"https:\\\/\\\/william-destne.cz\\\/conference-events\\\/#primaryimage\",\"url\":\"https:\\\/\\\/william-destne.cz\\\/wp-content\\\/uploads\\\/2024\\\/01\\\/OH1E090-1200x943-1.jpg\",\"contentUrl\":\"https:\\\/\\\/william-destne.cz\\\/wp-content\\\/uploads\\\/2024\\\/01\\\/OH1E090-1200x943-1.jpg\",\"width\":1200,\"height\":943},{\"@type\":\"WebSite\",\"@id\":\"https:\\\/\\\/william-destne.cz\\\/#website\",\"url\":\"https:\\\/\\\/william-destne.cz\\\/\",\"name\":\"William\",\"description\":\"Congress &amp; Welness Mountain HOTEL\",\"potentialAction\":[{\"@type\":\"SearchAction\",\"target\":{\"@type\":\"EntryPoint\",\"urlTemplate\":\"https:\\\/\\\/william-destne.cz\\\/?s={search_term_string}\"},\"query-input\":{\"@type\":\"PropertyValueSpecification\",\"valueRequired\":true,\"valueName\":\"search_term_string\"}}],\"inLanguage\":\"pl-PL\"}]}<\/script>\n<!-- \/ Yoast SEO plugin. -->","yoast_head_json":{"title":"IMPREZY FIRMOWE &#8211; William","robots":{"index":"index","follow":"follow","max-snippet":"max-snippet:-1","max-image-preview":"max-image-preview:large","max-video-preview":"max-video-preview:-1"},"canonical":"https:\/\/william-destne.cz\/conference-events\/","og_locale":"pl_PL","og_type":"article","og_title":"IMPREZY FIRMOWE &#8211; William","og_url":"https:\/\/william-destne.cz\/conference-events\/","og_site_name":"William","article_modified_time":"2024-01-24T11:02:39+00:00","og_image":[{"width":1200,"height":943,"url":"https:\/\/william-destne.cz\/wp-content\/uploads\/2024\/01\/OH1E090-1200x943-1.jpg","type":"image\/jpeg"}],"twitter_card":"summary_large_image","twitter_misc":{"Szacowany czas czytania":"6 minut"},"schema":{"@context":"https:\/\/schema.org","@graph":[{"@type":"WebPage","@id":"https:\/\/william-destne.cz\/conference-events\/","url":"https:\/\/william-destne.cz\/conference-events\/","name":"IMPREZY FIRMOWE &#8211; William","isPartOf":{"@id":"https:\/\/william-destne.cz\/#website"},"primaryImageOfPage":{"@id":"https:\/\/william-destne.cz\/conference-events\/#primaryimage"},"image":{"@id":"https:\/\/william-destne.cz\/conference-events\/#primaryimage"},"thumbnailUrl":"https:\/\/william-destne.cz\/wp-content\/uploads\/2024\/01\/OH1E090-1200x943-1.jpg","datePublished":"2020-06-16T10:36:55+00:00","dateModified":"2024-01-24T11:02:39+00:00","inLanguage":"pl-PL","potentialAction":[{"@type":"ReadAction","target":["https:\/\/william-destne.cz\/conference-events\/"]}]},{"@type":"ImageObject","inLanguage":"pl-PL","@id":"https:\/\/william-destne.cz\/conference-events\/#primaryimage","url":"https:\/\/william-destne.cz\/wp-content\/uploads\/2024\/01\/OH1E090-1200x943-1.jpg","contentUrl":"https:\/\/william-destne.cz\/wp-content\/uploads\/2024\/01\/OH1E090-1200x943-1.jpg","width":1200,"height":943},{"@type":"WebSite","@id":"https:\/\/william-destne.cz\/#website","url":"https:\/\/william-destne.cz\/","name":"William","description":"Congress &amp; Welness Mountain HOTEL","potentialAction":[{"@type":"SearchAction","target":{"@type":"EntryPoint","urlTemplate":"https:\/\/william-destne.cz\/?s={search_term_string}"},"query-input":{"@type":"PropertyValueSpecification","valueRequired":true,"valueName":"search_term_string"}}],"inLanguage":"pl-PL"}]}},"_links":{"self":[{"href":"https:\/\/william-destne.cz\/pl\/wp-json\/wp\/v2\/pages\/1283","targetHints":{"allow":["GET"]}}],"collection":[{"href":"https:\/\/william-destne.cz\/pl\/wp-json\/wp\/v2\/pages"}],"about":[{"href":"https:\/\/william-destne.cz\/pl\/wp-json\/wp\/v2\/types\/page"}],"author":[{"embeddable":true,"href":"https:\/\/william-destne.cz\/pl\/wp-json\/wp\/v2\/users\/4"}],"replies":[{"embeddable":true,"href":"https:\/\/william-destne.cz\/pl\/wp-json\/wp\/v2\/comments?post=1283"}],"version-history":[{"count":0,"href":"https:\/\/william-destne.cz\/pl\/wp-json\/wp\/v2\/pages\/1283\/revisions"}],"wp:featuredmedia":[{"embeddable":true,"href":"https:\/\/william-destne.cz\/pl\/wp-json\/wp\/v2\/media\/1811"}],"wp:attachment":[{"href":"https:\/\/william-destne.cz\/pl\/wp-json\/wp\/v2\/media?parent=1283"}],"curies":[{"name":"wp","href":"https:\/\/api.w.org\/{rel}","templated":true}]}}